{"id":97,"date":"2020-04-29T04:02:01","date_gmt":"2020-04-29T02:02:01","guid":{"rendered":"https:\/\/bitscreativos.com\/mf\/?page_id=97"},"modified":"2020-06-27T19:33:41","modified_gmt":"2020-06-28T01:33:41","slug":"press","status":"publish","type":"page","link":"https:\/\/mayanfamilies.org\/es\/press\/","title":{"rendered":"PRENSA"},"content":{"rendered":"<h3><img loading=\"lazy\" class=\"alignleft size-medium wp-image-259\" src=\"https:\/\/mayanfamilies.org\/wp-content\/uploads\/2020\/05\/portadapress-300x199.jpg\" alt=\"\" width=\"300\" height=\"199\" srcset=\"https:\/\/mayanfamilies.org\/wp-content\/uploads\/2020\/05\/portadapress-300x199.jpg 300w, https:\/\/mayanfamilies.org\/wp-content\/uploads\/2020\/05\/portadapress-768x508.jpg 768w, https:\/\/mayanfamilies.org\/wp-content\/uploads\/2020\/05\/portadapress-98x65.jpg 98w, https:\/\/mayanfamilies.org\/wp-content\/uploads\/2020\/05\/portadapress-360x239.jpg 360w, https:\/\/mayanfamilies.org\/wp-content\/uploads\/2020\/05\/portadapress.jpg 923w\" sizes=\"(max-width: 300px) 100vw, 300px\" \/>Mayan Families en los medios<\/h3>\n<p>Siempre estamos encantados de tener la oportunidad de compartir nuestra historia. Si desea incluir a nuestra organizaci\u00f3n en un art\u00edculo de medios, comun\u00edquese con nuestro equipo de comunicaciones en <a href=\"mailto:communications@mayanfamilies.org\">communications@mayanfamilies.org<\/a><\/p>\n<p>&nbsp;<\/p>","protected":false},"excerpt":{"rendered":"<p>Mayan Families in the Media We are always thrilled to have the opportunity to share our story. If you\u2019d like to include our organization in a media piece, please reach out to our communications team at communications@mayanfamilies.org &nbsp;<\/p>","protected":false},"author":3,"featured_media":259,"parent":0,"menu_order":0,"comment_status":"closed","ping_status":"closed","template":"","meta":[],"_links":{"self":[{"href":"https:\/\/mayanfamilies.org\/es\/wp-json\/wp\/v2\/pages\/97"}],"collection":[{"href":"https:\/\/mayanfamilies.org\/es\/wp-json\/wp\/v2\/pages"}],"about":[{"href":"https:\/\/mayanfamilies.org\/es\/wp-json\/wp\/v2\/types\/page"}],"author":[{"embeddable":true,"href":"https:\/\/mayanfamilies.org\/es\/wp-json\/wp\/v2\/users\/3"}],"replies":[{"embeddable":true,"href":"https:\/\/mayanfamilies.org\/es\/wp-json\/wp\/v2\/comments?post=97"}],"version-history":[{"count":5,"href":"https:\/\/mayanfamilies.org\/es\/wp-json\/wp\/v2\/pages\/97\/revisions"}],"predecessor-version":[{"id":1538,"href":"https:\/\/mayanfamilies.org\/es\/wp-json\/wp\/v2\/pages\/97\/revisions\/1538"}],"wp:featuredmedia":[{"embeddable":true,"href":"https:\/\/mayanfamilies.org\/es\/wp-json\/wp\/v2\/media\/259"}],"wp:attachment":[{"href":"https:\/\/mayanfamilies.org\/es\/wp-json\/wp\/v2\/media?parent=97"}],"curies":[{"name":"wp","href":"https:\/\/api.w.org\/{rel}","templated":true}]}}