{"id":63,"date":"2020-04-29T02:32:59","date_gmt":"2020-04-29T00:32:59","guid":{"rendered":"https:\/\/bitscreativos.com\/mf\/?page_id=63"},"modified":"2020-07-10T14:47:16","modified_gmt":"2020-07-10T20:47:16","slug":"visit","status":"publish","type":"page","link":"https:\/\/mayanfamilies.org\/es\/visit\/","title":{"rendered":"Vis\u00edtenos"},"content":{"rendered":"<h2><img loading=\"lazy\" class=\"alignleft size-medium wp-image-1354\" src=\"https:\/\/mayanfamilies.org\/wp-content\/uploads\/2020\/06\/xpre-300x191.jpg\" alt=\"\" width=\"300\" height=\"191\" srcset=\"https:\/\/mayanfamilies.org\/wp-content\/uploads\/2020\/06\/xpre-300x191.jpg 300w, https:\/\/mayanfamilies.org\/wp-content\/uploads\/2020\/06\/xpre-100x65.jpg 100w, https:\/\/mayanfamilies.org\/wp-content\/uploads\/2020\/06\/xpre-360x229.jpg 360w, https:\/\/mayanfamilies.org\/wp-content\/uploads\/2020\/06\/xpre.jpg 627w\" sizes=\"(max-width: 300px) 100vw, 300px\" \/>Experimente a Mayan Families<\/h2>\n<p align=\"justify\">\u00a1Venir y visitarnos aqu\u00ed en Guatemala puede ser una experiencia incre\u00edblemente gratificante y que cambie su vida! Cada a\u00f1o damos la bienvenida a personas extraordinarias, grupos y patrocinadores de estudiantes que deseen ver de primera mano el trabajo que hacemos y participar de una manera m\u00e1s profunda.<\/p>\n<h3>Maneras de experimentar<\/h3>\n<p align=\"justify\">Creemos que sumergirse en una cultura nueva y diferente puede tener un gran impacto en la forma en que percibe y comprende el mundo y sus necesidades; es una experiencia que nos acerca a todos. Por esta raz\u00f3n, hemos creado varias oportunidades de visitas disponibles durante todo el a\u00f1o, por lo que puede estar seguro de visitarnos de la manera que sea adecuada para usted.<\/p>\n<p align=\"justify\"><div class='content-column full_width'><p align=\"justify\"><div class='content-column one_half'><h3>Opci\u00f3n 1 de visitas: viajes personalizados para grupos<\/h3>\n<p align=\"justify\"><img loading=\"lazy\" class=\"alignleft size-medium wp-image-179\" src=\"https:\/\/mayanfamilies.org\/wp-content\/uploads\/2020\/05\/tripsgroups-300x200.jpg\" alt=\"\" width=\"300\" height=\"200\" srcset=\"https:\/\/mayanfamilies.org\/wp-content\/uploads\/2020\/05\/tripsgroups-300x200.jpg 300w, https:\/\/mayanfamilies.org\/wp-content\/uploads\/2020\/05\/tripsgroups-98x65.jpg 98w, https:\/\/mayanfamilies.org\/wp-content\/uploads\/2020\/05\/tripsgroups-360x239.jpg 360w, https:\/\/mayanfamilies.org\/wp-content\/uploads\/2020\/05\/tripsgroups-272x182.jpg 272w, https:\/\/mayanfamilies.org\/wp-content\/uploads\/2020\/05\/tripsgroups.jpg 567w\" sizes=\"(max-width: 300px) 100vw, 300px\" \/>Nos encanta acoger grupos, de un club rotario, un grupo universitario o un grupo de amigos. Ofrecemos un paquete grupal b\u00e1sico para grupos de 8-20 personas con una estad\u00eda de 9 d\u00edas y 8 noches en Panajachel. El paquete incluye alojamiento, transporte hacia y desde el aeropuerto, transporte hacia y desde sus actividades de voluntariado y la mayor\u00eda de las comidas, entre otras cosas.<br \/>\nCon la log\u00edstica cubierta, \u00a1comienza la parte divertida! Te ayudamos a completar tu itinerario ofreciendo una variedad de actividades para elegir, desde instalar una estufa eficiente en el hogar de una familia necesitada, hasta aprender t\u00e9cnicas tradicionales de mostacilla con mujeres de nuestro Programa de Artesan\u00eda <a href=\"https:\/\/mayanfamilies.org\/wp-content\/uploads\/2020\/05\/planyourvisit.pdf\" target=\"_blank\" rel=\"noopener noreferrer\">\u00a1Haga clic aqu\u00ed para ver todas las actividades que ofrecemos!<\/a><\/p>\n<p align=\"justify\"><\/div>\n<p align=\"justify\"><div class='content-column one_half last_column'><div style=\"padding-left:28px;\"><h3>Opci\u00f3n 2 de visitas: itinerarios de inmersi\u00f3n cultural<\/h3>\n<p align=\"justify\"><img loading=\"lazy\" class=\"size-medium wp-image-181 alignright\" src=\"https:\/\/mayanfamilies.org\/wp-content\/uploads\/2020\/05\/culturalinmersion-300x200.jpg\" alt=\"\" width=\"300\" height=\"200\" srcset=\"https:\/\/mayanfamilies.org\/wp-content\/uploads\/2020\/05\/culturalinmersion-300x200.jpg 300w, https:\/\/mayanfamilies.org\/wp-content\/uploads\/2020\/05\/culturalinmersion-98x65.jpg 98w, https:\/\/mayanfamilies.org\/wp-content\/uploads\/2020\/05\/culturalinmersion-360x239.jpg 360w, https:\/\/mayanfamilies.org\/wp-content\/uploads\/2020\/05\/culturalinmersion-272x182.jpg 272w, https:\/\/mayanfamilies.org\/wp-content\/uploads\/2020\/05\/culturalinmersion.jpg 567w\" sizes=\"(max-width: 300px) 100vw, 300px\" \/>\u00bfSu grupo se siente m\u00e1s atra\u00eddo por la inmersi\u00f3n cultural? Hemos creado tres programas de inmersi\u00f3n cultural diferentes, con \u00e1reas de enfoque de Artesan\u00eda, Medio Ambiente, y Salud y Bienestar. Estos programas le ayudar\u00e1n a comprender no solo los programas que Mayan Families opera para garantizar comunidades mayas fuertes, vibrantes y autosuficientes, sino que tambi\u00e9n le brindar\u00e1n la oportunidad de conectarse con la cultura maya desde diferentes perspectivas y aprender c\u00f3mo crear un impacto positivo en su visita. <a href=\"https:\/\/mayanfamilies.org\/wp-content\/uploads\/2020\/05\/immersionpackets.pdf\" target=\"_blank\" rel=\"noopener noreferrer\">Haga clic aqu\u00ed para leer m\u00e1s sobre nuestros diferentes itinerarios de inmersi\u00f3n cultural.<\/a><\/p>\n<p align=\"justify\"><\/div><\/div><div class='clear_column'><\/div>\n<p align=\"justify\"><\/div>\n<div class='content-column full_width'><div class='content-column one_half'><div style=\"padding-right:15px;\"><h3>Opci\u00f3n 3 de visitas: Experiencia de verano<\/h3>\n<p align=\"justify\">Nuestro programa insignia Summer Experience es una oportunidad incre\u00edble para que personas, amigos o familias vengan a visitarnos durante una semana completa cada verano. Para obtener m\u00e1s informaci\u00f3n sobre esta incre\u00edble experiencia, consulte nuestro blog que proporciona el itinerario completo.<\/p>\n<p align=\"justify\"><img loading=\"lazy\" class=\"aligncenter wp-image-125\" src=\"https:\/\/mayanfamilies.org\/wp-content\/uploads\/2020\/05\/pvisit-1024x449.jpg\" alt=\"\" width=\"442\" height=\"194\" srcset=\"https:\/\/mayanfamilies.org\/wp-content\/uploads\/2020\/05\/pvisit-1024x449.jpg 1024w, https:\/\/mayanfamilies.org\/wp-content\/uploads\/2020\/05\/pvisit-300x132.jpg 300w, https:\/\/mayanfamilies.org\/wp-content\/uploads\/2020\/05\/pvisit-768x337.jpg 768w, https:\/\/mayanfamilies.org\/wp-content\/uploads\/2020\/05\/pvisit-100x44.jpg 100w, https:\/\/mayanfamilies.org\/wp-content\/uploads\/2020\/05\/pvisit-360x158.jpg 360w, https:\/\/mayanfamilies.org\/wp-content\/uploads\/2020\/05\/pvisit.jpg 1349w\" sizes=\"(max-width: 442px) 100vw, 442px\" \/><\/p><\/div><\/div>\n<div class='content-column one_half last_column'><div style=\"padding-right:0px;padding-left:15px;\"><h3>Opci\u00f3n 4 de visitas: Experiencia con el estudiante<\/h3>\n<p align=\"justify\">Una de las oportunidades m\u00e1s especiales disponibles para los patrocinadores es la posibilidad de visitar al estudiante que est\u00e1n patrocinando y a la familia del estudiante. Para obtener m\u00e1s informaci\u00f3n sobre c\u00f3mo planificar una visita para ver al estudiante emparejado con su patrocinio, <a href=\"https:\/\/mayanfamilies.org\/wp-content\/uploads\/2020\/05\/sponsorvisitguidelines.pdf\"><b>haga clic aqu\u00ed.<\/b><\/a><\/p>\n<p align=\"justify\"><img loading=\"lazy\" class=\"wp-image-1819 size-medium aligncenter\" src=\"https:\/\/mayanfamilies.org\/wp-content\/uploads\/2020\/07\/2129036-300x225.jpg\" alt=\"\" width=\"300\" height=\"225\" \/><\/p><\/div><\/div><div class='clear_column'><\/div><\/div>\n<h3>\u00bfNo ve un viaje que satisfaga sus necesidades?<\/h3>\n<p align=\"justify\">Siempre estamos felices de personalizar viajes para grupos e individuales. Entonces, si solo puede visitar por un d\u00eda o si desea asociarse con nosotros para emprender un proyecto a\u00fan m\u00e1s grande que los que se ofrecen a trav\u00e9s de nuestros itinerarios especiales, \u00a1estamos felices de colaborar!<\/p>\n<p align=\"justify\">Env\u00ede un correo electr\u00f3nico a <a href=\"mailto:experience@mayanfamilies.org\" target=\"_blank\" rel=\"noopener noreferrer\">experience@mayanfamilies.org<\/a> para comenzar a planificar su viaje hoy mismo. <em>\u00a1Estamos ansiosos por saber de usted!<\/em><\/p>","protected":false},"excerpt":{"rendered":"<p>Experience Mayan Families Coming to visit us here in Guatemala can be an incredibly rewarding and life-changing experience! Every year we welcome extraordinary individuals, groups, and student sponsors who would like to see firsthand the work we do and get involved in a deeper way. Ways to Experience We believe &hellip;<\/p>","protected":false},"author":3,"featured_media":125,"parent":0,"menu_order":0,"comment_status":"closed","ping_status":"closed","template":"","meta":[],"_links":{"self":[{"href":"https:\/\/mayanfamilies.org\/es\/wp-json\/wp\/v2\/pages\/63"}],"collection":[{"href":"https:\/\/mayanfamilies.org\/es\/wp-json\/wp\/v2\/pages"}],"about":[{"href":"https:\/\/mayanfamilies.org\/es\/wp-json\/wp\/v2\/types\/page"}],"author":[{"embeddable":true,"href":"https:\/\/mayanfamilies.org\/es\/wp-json\/wp\/v2\/users\/3"}],"replies":[{"embeddable":true,"href":"https:\/\/mayanfamilies.org\/es\/wp-json\/wp\/v2\/comments?post=63"}],"version-history":[{"count":37,"href":"https:\/\/mayanfamilies.org\/es\/wp-json\/wp\/v2\/pages\/63\/revisions"}],"predecessor-version":[{"id":1820,"href":"https:\/\/mayanfamilies.org\/es\/wp-json\/wp\/v2\/pages\/63\/revisions\/1820"}],"wp:featuredmedia":[{"embeddable":true,"href":"https:\/\/mayanfamilies.org\/es\/wp-json\/wp\/v2\/media\/125"}],"wp:attachment":[{"href":"https:\/\/mayanfamilies.org\/es\/wp-json\/wp\/v2\/media?parent=63"}],"curies":[{"name":"wp","href":"https:\/\/api.w.org\/{rel}","templated":true}]}}