{"id":49,"date":"2020-04-29T01:59:08","date_gmt":"2020-04-28T23:59:08","guid":{"rendered":"https:\/\/bitscreativos.com\/mf\/?page_id=49"},"modified":"2022-09-26T12:26:23","modified_gmt":"2022-09-26T18:26:23","slug":"nutrition-health","status":"publish","type":"page","link":"https:\/\/mayanfamilies.org\/es\/nutrition-health\/","title":{"rendered":"Salud y Nutrici\u00f3n"},"content":{"rendered":"<p style=\"text-align: center;\" align=\"justify\"><img loading=\"lazy\" class=\"wp-image-1891 alignleft\" src=\"https:\/\/mayanfamilies.org\/wp-content\/uploads\/2020\/08\/4MAIN-PHOTO-300x200.jpg\" alt=\"\" width=\"348\" height=\"232\" srcset=\"https:\/\/mayanfamilies.org\/wp-content\/uploads\/2020\/08\/4MAIN-PHOTO-300x200.jpg 300w, https:\/\/mayanfamilies.org\/wp-content\/uploads\/2020\/08\/4MAIN-PHOTO-1024x683.jpg 1024w, https:\/\/mayanfamilies.org\/wp-content\/uploads\/2020\/08\/4MAIN-PHOTO-768x512.jpg 768w, https:\/\/mayanfamilies.org\/wp-content\/uploads\/2020\/08\/4MAIN-PHOTO-1536x1024.jpg 1536w, https:\/\/mayanfamilies.org\/wp-content\/uploads\/2020\/08\/4MAIN-PHOTO-97x65.jpg 97w, https:\/\/mayanfamilies.org\/wp-content\/uploads\/2020\/08\/4MAIN-PHOTO-358x239.jpg 358w, https:\/\/mayanfamilies.org\/wp-content\/uploads\/2020\/08\/4MAIN-PHOTO-272x182.jpg 272w, https:\/\/mayanfamilies.org\/wp-content\/uploads\/2020\/08\/4MAIN-PHOTO.jpg 1600w\" sizes=\"(max-width: 348px) 100vw, 348px\" \/><\/p>\n<p align=\"justify\"><span style=\"font-weight: 400;\">Mayan Families ofrece un programa hol\u00edstico y coordinado de prevenci\u00f3n a la desnutrici\u00f3n que se enfoca en familias ind\u00edgenas de alto riesgo en comunidades rurales del departamento de Solol\u00e1, donde las tasas de desnutrici\u00f3n se encuentran entre las m\u00e1s altas del mundo.<\/span> <span style=\"font-weight: 400;\">M\u00e1s del 60% de los ni\u00f1os de la regi\u00f3n se ven afectados por la desnutrici\u00f3n cr\u00f3nica. <\/span><span style=\"font-weight: 400;\">Tambi\u00e9n brindamos atenci\u00f3n m\u00e9dica especializada en desnutrici\u00f3n cr\u00f3nica y llevamos a cabo programas de salud comunitaria, orientados a fortalecer el bienestar, reduciendo as\u00ed el riesgo de desnutrici\u00f3n.<\/span><\/p>\n<h3>Prevenci\u00f3n de la desnutrici\u00f3n<\/h3>\n<p align=\"justify\"><span style=\"font-weight: 400;\">Mayan Families trabaja con madres embarazadas y sus hijos a trav\u00e9s de los vitales <\/span><i><span style=\"font-weight: 400;\">\u201cPrimeros 1000 d\u00edas\u201d<\/span><\/i><span style=\"font-weight: 400;\"> despu\u00e9s de los cuales los ni\u00f1os son llevados a nuestros Centros de Nutrici\u00f3n Preescolar. Hacemos esto para crear un efecto duradero para lograr una reducci\u00f3n significativa de la desnutrici\u00f3n cr\u00f3nica en la regi\u00f3n. Dirigido por un equipo ind\u00edgena que incluye un m\u00e9dico y un nutricionista junto con otros miembros del personal con una gran experiencia en la prevenci\u00f3n y el tratamiento de la desnutrici\u00f3n, el programa es culturalmente respetuoso y combina las mejores pr\u00e1cticas internacionales con la experiencia ind\u00edgena y la fortaleza cultural<\/span>.<\/p>\n<div class=\"siteorigin-widget-tinymce textwidget\"><\/div>\n<p align=\"justify\"><div class='content-column full_width'><p align=\"justify\"><div class='content-column one_half'><div style=\"padding-right:25px;padding-left:0px;\"><h3>Salud Comunitaria<\/h3>\n<h3 style=\"text-align: center;\"><img loading=\"lazy\" class=\"aligncenter wp-image-158\" src=\"https:\/\/mayanfamilies.org\/wp-content\/uploads\/2020\/05\/communityhealth.jpg\" alt=\"\" width=\"413\" height=\"275\" srcset=\"https:\/\/mayanfamilies.org\/wp-content\/uploads\/2020\/05\/communityhealth.jpg 531w, https:\/\/mayanfamilies.org\/wp-content\/uploads\/2020\/05\/communityhealth-300x200.jpg 300w, https:\/\/mayanfamilies.org\/wp-content\/uploads\/2020\/05\/communityhealth-98x65.jpg 98w, https:\/\/mayanfamilies.org\/wp-content\/uploads\/2020\/05\/communityhealth-360x239.jpg 360w, https:\/\/mayanfamilies.org\/wp-content\/uploads\/2020\/05\/communityhealth-272x182.jpg 272w\" sizes=\"(max-width: 413px) 100vw, 413px\" \/><\/h3>\n<p align=\"justify\"><span style=\"font-weight: 400;\">Una parte importante de nuestro trabajo de salud y nutrici\u00f3n se centra en mejorar aspectos de la salud comunitaria. La mala salud y la nutrici\u00f3n pueden ser un factor que l\u00edmite la capacidad de las familias para acceder a la educaci\u00f3n, obtener ingresos y participar en sus comunidades. <\/span><span style=\"font-weight: 400;\">Nuestro programa de salud comunitaria se basa <\/span><span style=\"font-weight: 400;\">en:<\/span><\/p>\n<ul>\n<li style=\"font-weight: 400;\"><span style=\"font-weight: 400;\">Proporcionar a las familias filtros de agua y estufas eficientes para reducir la prevalencia de enfermedades prevenibles.<\/span><\/li>\n<li style=\"font-weight: 400;\"><span style=\"font-weight: 400;\">Trabajando con mujeres en \u00e1reas rurales en educaci\u00f3n en salud sexual y reproductiva a trav\u00e9s de nuestra Iniciativa de Salud de la Mujer. <\/span><\/li>\n<li><span style=\"font-weight: 400;\">Un Centro Intergeneracional que brinda apoyo de salud y nutrici\u00f3n a los ancianos, al mismo tiempo que los conecta con los miembros m\u00e1s j\u00f3venes de la comunidad.<\/span><\/li>\n<\/ul>\n<p align=\"justify\"><\/div><\/div>\n<p align=\"justify\"><div class='content-column one_half last_column'><div style=\"padding-left:20px;\"><h3 style=\"text-align: center;\"><\/h3>\n<h3>Atenci\u00f3n m\u00e9dica<\/h3>\n<h3><img loading=\"lazy\" class=\"aligncenter wp-image-1359\" src=\"https:\/\/mayanfamilies.org\/wp-content\/uploads\/2020\/06\/medil.jpg\" alt=\"\" width=\"413\" height=\"275\" srcset=\"https:\/\/mayanfamilies.org\/wp-content\/uploads\/2020\/06\/medil.jpg 633w, https:\/\/mayanfamilies.org\/wp-content\/uploads\/2020\/06\/medil-300x200.jpg 300w, https:\/\/mayanfamilies.org\/wp-content\/uploads\/2020\/06\/medil-98x65.jpg 98w, https:\/\/mayanfamilies.org\/wp-content\/uploads\/2020\/06\/medil-360x239.jpg 360w, https:\/\/mayanfamilies.org\/wp-content\/uploads\/2020\/06\/medil-272x182.jpg 272w\" sizes=\"(max-width: 413px) 100vw, 413px\" \/><\/h3>\n<p align=\"justify\"><span style=\"font-weight: 400;\">Nuestra Cl\u00ednica M\u00e9dica brinda servicios m\u00e9dicos generales tanto a nuestros beneficiarios como al p\u00fablico en general, centr\u00e1ndose espec\u00edficamente en la prevenci\u00f3n y el tratamiento de la desnutrici\u00f3n.<\/span> <span style=\"font-weight: 400;\">La cl\u00ednica est\u00e1 ubicada en nuestras oficinas en Panajachel. <\/span><span style=\"font-weight: 400;\">Adem\u00e1s, se brindan servicios de extensi\u00f3n comunitaria a aquellas comunidades rurales que tienen acceso limitado a instalaciones m\u00e9dicas y atenci\u00f3n m\u00e9dica.<\/span><\/p>\n<p align=\"justify\"><span style=\"font-weight: 400;\">Estamos muy orgullosos de trabajar con nuestro m\u00e9dico ind\u00edgena. Esto asegura que las comunidades en las que trabajamos reciban atenci\u00f3n m\u00e9dica adaptada y culturalmente <\/span><span style=\"font-weight: 400;\">apropiada en su idioma nativo.\u00a0\u00a0\u00a0\u00a0<\/span><\/p>\n<p align=\"justify\"><\/div><\/div><div class='clear_column'><\/div>\n<p align=\"justify\"><\/div>\n<p style=\"text-align: center;\"><style type=\"text\/css\">\n\t\t\t#mittun-classy-campaign-1579 .mittun-thermometer {border-left:1px solid #28aded; border-right:1px solid #28aded;}\n\t\t\t#mittun-classy-campaign-1579 .mittun-thermometer-goal{color:#0ca8d5;}\n\t\t\t#mittun-classy-campaign-1579 .mittun-thermometer-goal span{color:#0ca8d5;}\n\t\t\t#mittun-classy-campaign-1579 .mittun-thermometer-progress { background:#28aded; }\n\t\t\t#mittun-classy-campaign-1579 .mittun-thermometer-progress-marker { background:#28aded; }\n\t\t\t#mittun-classy-campaign-1579 .mittun-thermometer-progress-marker-text{color:#ffffff;}\n\t\t\t#mittun-classy-campaign-1579 .mittun-thermometer-value span {color:#0ca8d5;}\n\t\t\t#mittun-classy-campaign-1579 .mittun-campaign-link a {color:#ffffff;background:#0ca8d5;}\n\t\t\t#mittun-classy-campaign-1579 .classy-donation-form input[type=\"button\"],#mittun-classy-popup-campaign-1579 .classy-donation-form input[type=\"button\"]{background-color:#0ca8d5;color:#ffffff;}\n\t\t\t#mittun-classy-campaign-1579 .classy-donation-form input[type=\"button\"].active,#mittun-classy-popup-campaign-1579 .classy-donation-form input[type=\"button\"].active{background-color:#000000;}\n\t\t\t#mittun-classy-campaign-1579 .classy-donation-form input[type=\"submit\"],#mittun-classy-popup-campaign-1579 .classy-donation-form input[type=\"submit\"]{background-color:#0ca8d5;color:#ffffff;}\n\t\t\t#mittun-classy-campaign-1579 .classy-donation-form .recurring-options-container label,#mittun-classy-popup-campaign-1579 .classy-donation-form .recurring-options-container label{background-color:#0ca8d5;color:#ffffff;}\n\t\t\t#mittun-classy-campaign-1579 .classy-donation-form input[type=\"radio\"]:checked + label,#mittun-classy-popup-campaign-1579 .classy-donation-form input[type=\"radio\"]:checked + label {background-color: #0ca8d5;}\n\t\t\t#mittun-classy-campaign-1579 .mittun-fundDon-link.donate a {background:;color:;}\n\t\t\t#mittun-classy-campaign-1579 .mittun-fundDon-link.fundraise a {background:;color:;}<\/style><div id=\"mittun-classy-campaign-1579\" class=\"classypress-master campaign-container-masterskin_2 style_1\"><div class=\"classypress-inner campaign-container-inner\"> <!-- START OF THERMOMETER AND BASIC DATA FOR EACH CAMPAIGN -->\n                     <div class=\"mittun-thermometer-container\"><h3 style=\"color:#138eab;\"> Salud y Nutrici\u00f3n<\/h3><\/div>\n  <!-- END OF THERMOMETER AND BASIC DATA FOR EACH CAMPAIGN -->\t\t<form method=\"get\" action=\"https:\/\/www.classy.org\/checkout\/donation\/\" target=\"_blank\" class=\"classy-donation-form short\" data-trp-original-action=\"https:\/\/www.classy.org\/checkout\/donation\/\">\n\t\t\t\t\t\t<input type=\"hidden\" name=\"eid\" id=\"eid\" value=\"220680\"\/>\n\t\t\t\t\t\t\t\t\t<\/p>\n\t\t\t<p style=\"position: relative;\">\n\t\t\t\t<span class='mittun_close'>x<\/span>\n\t\t\t<span class=\"classy-currency\">$<\/span><input type=\"text\" class=\"effect-2\" value=\"25\" name=\"amount\"\/>\n\t\t\t<span class=\"focus-border\"><\/span>\n\t\t\t<\/p>\n\t\t\t<p class=\"recurring-options-container recurring_short_donation_form\">\n\t\t\t<input class=\"recurring-inputs once-input_short_donation_form\" type=\"radio\" name=\"recurring\" value=\"0\"  id=\"onceVsrCBQ2wru\"\/>\n\t\t\t<label class=\"recurring-labels recurring-labels once-label_short_donation_form\" for='onceVsrCBQ2wru'>Una vez<\/label>\n\t\t\t<input class=\"recurring-inputs recurring-input_short_donation_form\" type=\"radio\" name=\"recurring\" value=\"1\" id=\"recurringVsrCBQ2wru\"\/>\n\t\t\t<label class=\"recurring-labels recurring-label_short_donation_form\" for='recurringVsrCBQ2wru'>Mensual<\/label>\n\t\t\t<\/p>\n\n\t\t\t<input type=\"hidden\" name=\"trp-form-language\" value=\"es\"\/><\/form>\n\t\t<\/div><\/div><!-- end of .campaign-master -->\n<p style=\"text-align: center;\"><a href=\"https:\/\/fundraising.natunguatemala.org\/give\/187919\/#!\/donation\/checkout\" target=\"_blank\" rel=\"noopener noreferrer\"><img loading=\"lazy\" class=\"aligncenter wp-image-436 size-full\" src=\"https:\/\/mayanfamilies.org\/wp-content\/uploads\/2020\/05\/23donate2.png\" alt=\"\" width=\"500\" height=\"129\" srcset=\"https:\/\/mayanfamilies.org\/wp-content\/uploads\/2020\/05\/23donate2.png 500w, https:\/\/mayanfamilies.org\/wp-content\/uploads\/2020\/05\/23donate2-300x77.png 300w, https:\/\/mayanfamilies.org\/wp-content\/uploads\/2020\/05\/23donate2-100x26.png 100w, https:\/\/mayanfamilies.org\/wp-content\/uploads\/2020\/05\/23donate2-360x93.png 360w\" sizes=\"(max-width: 500px) 100vw, 500px\" \/><\/a><\/p>","protected":false},"excerpt":{"rendered":"<p>Mayan Families offers a holistic, coordinated malnutrition prevention program focusing on high-risk indigenous families in rural communities in the department of Solol\u00e1, where malnutrition rates among the highest in the world. Over 60% of children in the region are impacted by chronic malnutrition. We also provide specialized chronic malnutrition medical &hellip;<\/p>","protected":false},"author":3,"featured_media":123,"parent":0,"menu_order":0,"comment_status":"closed","ping_status":"closed","template":"","meta":[],"_links":{"self":[{"href":"https:\/\/mayanfamilies.org\/es\/wp-json\/wp\/v2\/pages\/49"}],"collection":[{"href":"https:\/\/mayanfamilies.org\/es\/wp-json\/wp\/v2\/pages"}],"about":[{"href":"https:\/\/mayanfamilies.org\/es\/wp-json\/wp\/v2\/types\/page"}],"author":[{"embeddable":true,"href":"https:\/\/mayanfamilies.org\/es\/wp-json\/wp\/v2\/users\/3"}],"replies":[{"embeddable":true,"href":"https:\/\/mayanfamilies.org\/es\/wp-json\/wp\/v2\/comments?post=49"}],"version-history":[{"count":52,"href":"https:\/\/mayanfamilies.org\/es\/wp-json\/wp\/v2\/pages\/49\/revisions"}],"predecessor-version":[{"id":3502,"href":"https:\/\/mayanfamilies.org\/es\/wp-json\/wp\/v2\/pages\/49\/revisions\/3502"}],"wp:featuredmedia":[{"embeddable":true,"href":"https:\/\/mayanfamilies.org\/es\/wp-json\/wp\/v2\/media\/123"}],"wp:attachment":[{"href":"https:\/\/mayanfamilies.org\/es\/wp-json\/wp\/v2\/media?parent=49"}],"curies":[{"name":"wp","href":"https:\/\/api.w.org\/{rel}","templated":true}]}}