{"id":4857,"date":"2023-03-12T21:00:08","date_gmt":"2023-03-13T03:00:08","guid":{"rendered":"https:\/\/mayanfamilies.org\/?page_id=4857"},"modified":"2023-10-16T12:48:36","modified_gmt":"2023-10-16T18:48:36","slug":"natun-unete-a-nuestro-equipo","status":"publish","type":"page","link":"https:\/\/mayanfamilies.org\/es\/natun-unete-a-nuestro-equipo\/","title":{"rendered":"Nat\u00fcn &#8211; \u00danete a Nuestro Equipo"},"content":{"rendered":"<div data-elementor-type=\"wp-page\" data-elementor-id=\"4857\" class=\"elementor elementor-4857\">\n\t\t\t\t\t\t\t\t\t<section class=\"elementor-section elementor-top-section elementor-element elementor-element-04667dc elementor-section-boxed elementor-section-height-default elementor-section-height-default\" data-id=\"04667dc\" data-element_type=\"section\" data-settings=\"{&quot;background_background&quot;:&quot;classic&quot;}\">\n\t\t\t\t\t\t<div class=\"elementor-container elementor-column-gap-default\">\n\t\t\t\t\t<div class=\"elementor-column elementor-col-100 elementor-top-column elementor-element elementor-element-ffec8fa\" data-id=\"ffec8fa\" data-element_type=\"column\">\n\t\t\t<div class=\"elementor-widget-wrap elementor-element-populated\">\n\t\t\t\t\t\t\t\t<div class=\"elementor-element elementor-element-1a9bd47 elementor-widget elementor-widget-heading\" data-id=\"1a9bd47\" data-element_type=\"widget\" data-widget_type=\"heading.default\">\n\t\t\t\t<div class=\"elementor-widget-container\">\n\t\t\t<style>\/*! elementor - v3.13.3 - 28-05-2023 *\/\n.elementor-heading-title{padding:0;margin:0;line-height:1}.elementor-widget-heading .elementor-heading-title[class*=elementor-size-]>a{color:inherit;font-size:inherit;line-height:inherit}.elementor-widget-heading .elementor-heading-title.elementor-size-small{font-size:15px}.elementor-widget-heading .elementor-heading-title.elementor-size-medium{font-size:19px}.elementor-widget-heading .elementor-heading-title.elementor-size-large{font-size:29px}.elementor-widget-heading .elementor-heading-title.elementor-size-xl{font-size:39px}.elementor-widget-heading .elementor-heading-title.elementor-size-xxl{font-size:59px}<\/style><h2 class=\"elementor-heading-title elementor-size-default\">\u00danete a nuestro equipo<\/h2>\t\t<\/div>\n\t\t\t\t<\/div>\n\t\t\t\t\t<\/div>\n\t\t<\/div>\n\t\t\t\t\t\t\t<\/div>\n\t\t<\/section>\n\t\t\t\t<section class=\"elementor-section elementor-top-section elementor-element elementor-element-ad1ba4e elementor-section-boxed elementor-section-height-default elementor-section-height-default\" data-id=\"ad1ba4e\" data-element_type=\"section\">\n\t\t\t\t\t\t<div class=\"elementor-container elementor-column-gap-default\">\n\t\t\t\t\t<div class=\"elementor-column elementor-col-100 elementor-top-column elementor-element elementor-element-54afb2a\" data-id=\"54afb2a\" data-element_type=\"column\">\n\t\t\t<div class=\"elementor-widget-wrap elementor-element-populated\">\n\t\t\t\t\t\t\t\t<div class=\"elementor-element elementor-element-d437718 elementor-widget elementor-widget-heading\" data-id=\"d437718\" data-element_type=\"widget\" data-widget_type=\"heading.default\">\n\t\t\t\t<div class=\"elementor-widget-container\">\n\t\t\t<h2 class=\"elementor-heading-title elementor-size-default\">El personal de Nat\u00fcn est\u00e1 compuesto principalmente por ind\u00edgenas guatemaltecos de la regi\u00f3n, as\u00ed como por personal extranjero apasionado y capacitado que trabaja aqu\u00ed en Panajachel.\n<br><br>\n\u00a1Consulte nuestras ofertas de trabajo recientes y vea si usted o alguien que conoce podr\u00eda cumplir con los requisitos! Tenga en cuenta que los requisitos var\u00edan seg\u00fan el puesto, pero generalmente incluir\u00e1n dominio del espa\u00f1ol y un compromiso de tiempo a largo plazo.<\/h2>\t\t<\/div>\n\t\t\t\t<\/div>\n\t\t\t\t\t<\/div>\n\t\t<\/div>\n\t\t\t\t\t\t\t<\/div>\n\t\t<\/section>\n\t\t\t\t<section class=\"elementor-section elementor-top-section elementor-element elementor-element-3993dd0 elementor-section-boxed elementor-section-height-default elementor-section-height-default\" data-id=\"3993dd0\" data-element_type=\"section\" data-settings=\"{&quot;background_background&quot;:&quot;classic&quot;}\">\n\t\t\t\t\t\t<div class=\"elementor-container elementor-column-gap-default\">\n\t\t\t\t\t<div class=\"elementor-column elementor-col-100 elementor-top-column elementor-element elementor-element-1bb49c6\" data-id=\"1bb49c6\" data-element_type=\"column\">\n\t\t\t<div class=\"elementor-widget-wrap elementor-element-populated\">\n\t\t\t\t\t\t\t\t<div class=\"elementor-element elementor-element-3f418d0 elementor-widget elementor-widget-html\" data-id=\"3f418d0\" data-element_type=\"widget\" data-widget_type=\"html.default\">\n\t\t\t\t<div class=\"elementor-widget-container\">\n\t\t\t<script> \njQuery(document).ready(function($) { \nvar delay = 100; setTimeout(function() { \n$('.elementor-tab-title').removeClass('elementor-active');\n $('.elementor-tab-content').css('display', 'none'); }, delay); \n}); \n<\/script>\n<script type=\"text\/javascript\">\nconst newFragment = document.createDocumentFragment();\nconst PostThumbnails = document.querySelectorAll('.elementor-post__thumbnail__link')\n\nPostThumbnails.forEach(removeLinks);\n\nfunction removeLinks(PostThumbnails) {\nnewFragment.appendChild(PostThumbnails.firstChild);\nPostThumbnails.parentNode.replaceChild(newFragment, PostThumbnails);\n}\n<\/script>\n<script>\nconst postLinks= document.querySelectorAll('.elementor-post__title, .elementor-element.elementor-element-014fb33')\n\npostLinks.forEach(removePostLinks);\n\nfunction removePostLinks(postLinks) {\npostLinks.childNodes[1].href = '#';\n}\n<\/script>\t\t<\/div>\n\t\t\t\t<\/div>\n\t\t\t\t<div class=\"elementor-element elementor-element-ae98789 elementor-widget elementor-widget-heading\" data-id=\"ae98789\" data-element_type=\"widget\" data-widget_type=\"heading.default\">\n\t\t\t\t<div class=\"elementor-widget-container\">\n\t\t\t<h2 class=\"elementor-heading-title elementor-size-default\">Posiciones vacantes<br><br><\/h2>\t\t<\/div>\n\t\t\t\t<\/div>\n\t\t\t\t\t<\/div>\n\t\t<\/div>\n\t\t\t\t\t\t\t<\/div>\n\t\t<\/section>\n\t\t\t\t<section class=\"elementor-section elementor-top-section elementor-element elementor-element-7eb0e2f elementor-section-full_width elementor-section-height-default elementor-section-height-default\" data-id=\"7eb0e2f\" data-element_type=\"section\" data-settings=\"{&quot;background_background&quot;:&quot;classic&quot;}\">\n\t\t\t\t\t\t<div class=\"elementor-container elementor-column-gap-default\">\n\t\t\t\t\t<div class=\"elementor-column elementor-col-100 elementor-top-column elementor-element elementor-element-312fa7d\" data-id=\"312fa7d\" data-element_type=\"column\">\n\t\t\t<div class=\"elementor-widget-wrap elementor-element-populated\">\n\t\t\t\t\t\t\t\t<div class=\"elementor-element elementor-element-adae450 elementor-widget__width-initial elementor-widget elementor-widget-text-editor\" data-id=\"adae450\" data-element_type=\"widget\" data-widget_type=\"text-editor.default\">\n\t\t\t\t<div class=\"elementor-widget-container\">\n\t\t\t<style>\/*! elementor - v3.13.3 - 28-05-2023 *\/\n.elementor-widget-text-editor.elementor-drop-cap-view-stacked .elementor-drop-cap{background-color:#69727d;color:#fff}.elementor-widget-text-editor.elementor-drop-cap-view-framed .elementor-drop-cap{color:#69727d;border:3px solid;background-color:transparent}.elementor-widget-text-editor:not(.elementor-drop-cap-view-default) .elementor-drop-cap{margin-top:8px}.elementor-widget-text-editor:not(.elementor-drop-cap-view-default) .elementor-drop-cap-letter{width:1em;height:1em}.elementor-widget-text-editor .elementor-drop-cap{float:left;text-align:center;line-height:1;font-size:50px}.elementor-widget-text-editor .elementor-drop-cap-letter{display:inline-block}<\/style>\t\t\t\t<p style=\"text-align: center;\">Actualmente no estamos reclutando a ning\u00fan puesto. Gracias.<\/p>\t\t\t\t\t\t<\/div>\n\t\t\t\t<\/div>\n\t\t\t\t\t<\/div>\n\t\t<\/div>\n\t\t\t\t\t\t\t<\/div>\n\t\t<\/section>\n\t\t\t\t\t\t\t<\/div>","protected":false},"excerpt":{"rendered":"<p>\u00danete a nuestro equipo El personal de Nat\u00fcn est\u00e1 compuesto principalmente por ind\u00edgenas guatemaltecos de la regi\u00f3n, as\u00ed como por personal extranjero apasionado y capacitado que trabaja aqu\u00ed en Panajachel. \u00a1Consulte nuestras ofertas de trabajo recientes y vea si usted o alguien que conoce podr\u00eda cumplir con los requisitos! Tenga &hellip;<\/p>","protected":false},"author":14,"featured_media":0,"parent":0,"menu_order":0,"comment_status":"closed","ping_status":"closed","template":"elementor_header_footer","meta":[],"_links":{"self":[{"href":"https:\/\/mayanfamilies.org\/es\/wp-json\/wp\/v2\/pages\/4857"}],"collection":[{"href":"https:\/\/mayanfamilies.org\/es\/wp-json\/wp\/v2\/pages"}],"about":[{"href":"https:\/\/mayanfamilies.org\/es\/wp-json\/wp\/v2\/types\/page"}],"author":[{"embeddable":true,"href":"https:\/\/mayanfamilies.org\/es\/wp-json\/wp\/v2\/users\/14"}],"replies":[{"embeddable":true,"href":"https:\/\/mayanfamilies.org\/es\/wp-json\/wp\/v2\/comments?post=4857"}],"version-history":[{"count":151,"href":"https:\/\/mayanfamilies.org\/es\/wp-json\/wp\/v2\/pages\/4857\/revisions"}],"predecessor-version":[{"id":6012,"href":"https:\/\/mayanfamilies.org\/es\/wp-json\/wp\/v2\/pages\/4857\/revisions\/6012"}],"wp:attachment":[{"href":"https:\/\/mayanfamilies.org\/es\/wp-json\/wp\/v2\/media?parent=4857"}],"curies":[{"name":"wp","href":"https:\/\/api.w.org\/{rel}","templated":true}]}}