{"id":4264,"date":"2022-12-28T14:44:12","date_gmt":"2022-12-28T20:44:12","guid":{"rendered":"https:\/\/mayanfamilies.org\/?page_id=4264"},"modified":"2023-03-28T03:22:08","modified_gmt":"2023-03-28T09:22:08","slug":"natun-plan-estrategico","status":"publish","type":"page","link":"https:\/\/mayanfamilies.org\/es\/natun-plan-estrategico\/","title":{"rendered":"Nat\u00fcn &#8211; Plan estrat\u00e9gico"},"content":{"rendered":"<div data-elementor-type=\"wp-page\" data-elementor-id=\"4264\" class=\"elementor elementor-4264\">\n\t\t\t\t\t\t\t\t\t<section class=\"elementor-section elementor-top-section elementor-element elementor-element-04667dc elementor-section-boxed elementor-section-height-default elementor-section-height-default\" data-id=\"04667dc\" data-element_type=\"section\" data-settings=\"{&quot;background_background&quot;:&quot;classic&quot;}\">\n\t\t\t\t\t\t<div class=\"elementor-container elementor-column-gap-default\">\n\t\t\t\t\t<div class=\"elementor-column elementor-col-100 elementor-top-column elementor-element elementor-element-ffec8fa\" data-id=\"ffec8fa\" data-element_type=\"column\">\n\t\t\t<div class=\"elementor-widget-wrap elementor-element-populated\">\n\t\t\t\t\t\t\t\t<div class=\"elementor-element elementor-element-1a9bd47 elementor-widget elementor-widget-heading\" data-id=\"1a9bd47\" data-element_type=\"widget\" data-widget_type=\"heading.default\">\n\t\t\t\t<div class=\"elementor-widget-container\">\n\t\t\t<style>\/*! elementor - v3.13.3 - 28-05-2023 *\/\n.elementor-heading-title{padding:0;margin:0;line-height:1}.elementor-widget-heading .elementor-heading-title[class*=elementor-size-]>a{color:inherit;font-size:inherit;line-height:inherit}.elementor-widget-heading .elementor-heading-title.elementor-size-small{font-size:15px}.elementor-widget-heading .elementor-heading-title.elementor-size-medium{font-size:19px}.elementor-widget-heading .elementor-heading-title.elementor-size-large{font-size:29px}.elementor-widget-heading .elementor-heading-title.elementor-size-xl{font-size:39px}.elementor-widget-heading .elementor-heading-title.elementor-size-xxl{font-size:59px}<\/style><h2 class=\"elementor-heading-title elementor-size-default\">Plan Estrat\u00e9gico 2020-2025<\/h2>\t\t<\/div>\n\t\t\t\t<\/div>\n\t\t\t\t\t<\/div>\n\t\t<\/div>\n\t\t\t\t\t\t\t<\/div>\n\t\t<\/section>\n\t\t\t\t<section class=\"elementor-section elementor-top-section elementor-element elementor-element-5d49b51 elementor-section-boxed elementor-section-height-default elementor-section-height-default\" data-id=\"5d49b51\" data-element_type=\"section\">\n\t\t\t\t\t\t<div class=\"elementor-container elementor-column-gap-default\">\n\t\t\t\t\t<div class=\"elementor-column elementor-col-50 elementor-top-column elementor-element elementor-element-25b8c96\" data-id=\"25b8c96\" data-element_type=\"column\">\n\t\t\t<div class=\"elementor-widget-wrap elementor-element-populated\">\n\t\t\t\t\t\t\t\t<div class=\"elementor-element elementor-element-9c77f5d elementor-widget elementor-widget-image\" data-id=\"9c77f5d\" data-element_type=\"widget\" data-widget_type=\"image.default\">\n\t\t\t\t<div class=\"elementor-widget-container\">\n\t\t\t<style>\/*! elementor - v3.13.3 - 28-05-2023 *\/\n.elementor-widget-image{text-align:center}.elementor-widget-image a{display:inline-block}.elementor-widget-image a img[src$=\".svg\"]{width:48px}.elementor-widget-image img{vertical-align:middle;display:inline-block}<\/style>\t\t\t\t\t\t\t\t\t\t\t\t<img src=\"https:\/\/mayanfamilies.org\/wp-content\/uploads\/2022\/12\/plan-estrategico-8402917CE08A.jpg\" title=\"plan-estrategico-8402917CE08A\" alt=\"Nat\u00fcn-Plan-Estrat\u00e9gico\" loading=\"lazy\" \/>\t\t\t\t\t\t\t\t\t\t\t\t\t\t\t<\/div>\n\t\t\t\t<\/div>\n\t\t\t\t\t<\/div>\n\t\t<\/div>\n\t\t\t\t<div class=\"elementor-column elementor-col-50 elementor-top-column elementor-element elementor-element-886099f\" data-id=\"886099f\" data-element_type=\"column\">\n\t\t\t<div class=\"elementor-widget-wrap elementor-element-populated\">\n\t\t\t\t\t\t\t\t<div class=\"elementor-element elementor-element-d437718 elementor-widget elementor-widget-heading\" data-id=\"d437718\" data-element_type=\"widget\" data-widget_type=\"heading.default\">\n\t\t\t\t<div class=\"elementor-widget-container\">\n\t\t\t<h2 class=\"elementor-heading-title elementor-size-default\">Durante este a\u00f1o, emprendimos un proceso intenso de planificaci\u00f3n estrat\u00e9gica y nos enorgullece presentar los pasos que daremos para alcanzar nuestros objetivos como organizaci\u00f3n. \n<br><br>\nAgradecemos profundamente la colaboraci\u00f3n que recibimos de parte de toda la comunidad Nat\u00fcn, que nos impulsa a evolucionar y profundizar nuestro trabajo en Guatemala para los pr\u00f3ximos a\u00f1os. \n<\/h2>\t\t<\/div>\n\t\t\t\t<\/div>\n\t\t\t\t\t<\/div>\n\t\t<\/div>\n\t\t\t\t\t\t\t<\/div>\n\t\t<\/section>\n\t\t\t\t<section class=\"elementor-section elementor-top-section elementor-element elementor-element-7c86fda elementor-section-boxed elementor-section-height-default elementor-section-height-default\" data-id=\"7c86fda\" data-element_type=\"section\">\n\t\t\t\t\t\t<div class=\"elementor-container elementor-column-gap-default\">\n\t\t\t\t\t<div class=\"elementor-column elementor-col-50 elementor-top-column elementor-element elementor-element-e50a829\" data-id=\"e50a829\" data-element_type=\"column\">\n\t\t\t<div class=\"elementor-widget-wrap elementor-element-populated\">\n\t\t\t\t\t\t\t\t<div class=\"elementor-element elementor-element-c9501ce elementor-widget elementor-widget-heading\" data-id=\"c9501ce\" data-element_type=\"widget\" id=\"impacto\" data-widget_type=\"heading.default\">\n\t\t\t\t<div class=\"elementor-widget-container\">\n\t\t\t<h2 class=\"elementor-heading-title elementor-size-default\">Impacto y finanzas<\/h2>\t\t<\/div>\n\t\t\t\t<\/div>\n\t\t\t\t<div class=\"elementor-element elementor-element-9889f0c elementor-widget elementor-widget-heading\" data-id=\"9889f0c\" data-element_type=\"widget\" data-widget_type=\"heading.default\">\n\t\t\t\t<div class=\"elementor-widget-container\">\n\t\t\t<h2 class=\"elementor-heading-title elementor-size-default\">Conscientes de la gran responsabilidad que implica administrar fondos con eficiencia, establecimos s\u00f3lidos sistemas de gesti\u00f3n financiera, medidas de transparencia y controles que nos permiten optimizar recursos.<\/h2>\t\t<\/div>\n\t\t\t\t<\/div>\n\t\t\t\t\t<\/div>\n\t\t<\/div>\n\t\t\t\t<div class=\"elementor-column elementor-col-50 elementor-top-column elementor-element elementor-element-040351b\" data-id=\"040351b\" data-element_type=\"column\">\n\t\t\t<div class=\"elementor-widget-wrap elementor-element-populated\">\n\t\t\t\t\t\t\t\t<section class=\"elementor-section elementor-inner-section elementor-element elementor-element-675a15e elementor-section-full_width elementor-section-height-default elementor-section-height-default\" data-id=\"675a15e\" data-element_type=\"section\">\n\t\t\t\t\t\t<div class=\"elementor-container elementor-column-gap-default\">\n\t\t\t\t\t<div class=\"elementor-column elementor-col-33 elementor-inner-column elementor-element elementor-element-558bd3d shadowit\" data-id=\"558bd3d\" data-element_type=\"column\" data-settings=\"{&quot;background_background&quot;:&quot;classic&quot;}\">\n\t\t\t<div class=\"elementor-widget-wrap elementor-element-populated\">\n\t\t\t\t\t\t\t\t<div class=\"elementor-element elementor-element-c2f68b1 elementor-widget elementor-widget-image\" data-id=\"c2f68b1\" data-element_type=\"widget\" data-widget_type=\"image.default\">\n\t\t\t\t<div class=\"elementor-widget-container\">\n\t\t\t\t\t\t\t\t\t\t\t\t\t\t\t<img width=\"640\" height=\"480\" src=\"https:\/\/mayanfamilies.org\/wp-content\/uploads\/2022\/12\/Plan1a-sewing-18.jpg\" class=\"attachment-large size-large wp-image-4281\" alt=\"Nat\u00fcn-informe-2019\" loading=\"lazy\" srcset=\"https:\/\/mayanfamilies.org\/wp-content\/uploads\/2022\/12\/Plan1a-sewing-18.jpg 800w, https:\/\/mayanfamilies.org\/wp-content\/uploads\/2022\/12\/Plan1a-sewing-18-300x225.jpg 300w, https:\/\/mayanfamilies.org\/wp-content\/uploads\/2022\/12\/Plan1a-sewing-18-768x576.jpg 768w, https:\/\/mayanfamilies.org\/wp-content\/uploads\/2022\/12\/Plan1a-sewing-18-16x12.jpg 16w, https:\/\/mayanfamilies.org\/wp-content\/uploads\/2022\/12\/Plan1a-sewing-18-87x65.jpg 87w, https:\/\/mayanfamilies.org\/wp-content\/uploads\/2022\/12\/Plan1a-sewing-18-319x239.jpg 319w\" sizes=\"(max-width: 640px) 100vw, 640px\" \/>\t\t\t\t\t\t\t\t\t\t\t\t\t\t\t<\/div>\n\t\t\t\t<\/div>\n\t\t\t\t<div class=\"elementor-element elementor-element-ea9ff45 elementor-widget elementor-widget-heading\" data-id=\"ea9ff45\" data-element_type=\"widget\" data-widget_type=\"heading.default\">\n\t\t\t\t<div class=\"elementor-widget-container\">\n\t\t\t<h2 class=\"elementor-heading-title elementor-size-default\">Reporte 2019<\/h2>\t\t<\/div>\n\t\t\t\t<\/div>\n\t\t\t\t<div class=\"elementor-element elementor-element-9abac7c elementor-widget elementor-widget-heading\" data-id=\"9abac7c\" data-element_type=\"widget\" data-widget_type=\"heading.default\">\n\t\t\t\t<div class=\"elementor-widget-container\">\n\t\t\t<h2 class=\"elementor-heading-title elementor-size-default\">\u00a1Hoy, estamos orgullosos de compartir con ustedes el Informe de Impacto 2019 de Mayan Families! Estamos encantados de compartir...<\/h2>\t\t<\/div>\n\t\t\t\t<\/div>\n\t\t\t\t<div class=\"elementor-element elementor-element-b5dd685 elementor-align-left elementor-widget elementor-widget-button\" data-id=\"b5dd685\" data-element_type=\"widget\" data-widget_type=\"button.default\">\n\t\t\t\t<div class=\"elementor-widget-container\">\n\t\t\t\t\t<div class=\"elementor-button-wrapper\">\n\t\t\t<a href=\"https:\/\/bit.ly\/3haZizg\" class=\"elementor-button-link elementor-button elementor-size-sm\" role=\"button\">\n\t\t\t\t\t\t<span class=\"elementor-button-content-wrapper\">\n\t\t\t\t\t\t<span class=\"elementor-button-text\">Leer m\u00e1s<\/span>\n\t\t<\/span>\n\t\t\t\t\t<\/a>\n\t\t<\/div>\n\t\t\t\t<\/div>\n\t\t\t\t<\/div>\n\t\t\t\t\t<\/div>\n\t\t<\/div>\n\t\t\t\t<div class=\"elementor-column elementor-col-33 elementor-inner-column elementor-element elementor-element-7a9f579\" data-id=\"7a9f579\" data-element_type=\"column\">\n\t\t\t<div class=\"elementor-widget-wrap\">\n\t\t\t\t\t\t\t\t\t<\/div>\n\t\t<\/div>\n\t\t\t\t<div class=\"elementor-column elementor-col-33 elementor-inner-column elementor-element elementor-element-424fe1d shadowit\" data-id=\"424fe1d\" data-element_type=\"column\" data-settings=\"{&quot;background_background&quot;:&quot;classic&quot;}\">\n\t\t\t<div class=\"elementor-widget-wrap elementor-element-populated\">\n\t\t\t\t\t\t\t\t<div class=\"elementor-element elementor-element-723966d elementor-widget elementor-widget-image\" data-id=\"723966d\" data-element_type=\"widget\" data-widget_type=\"image.default\">\n\t\t\t\t<div class=\"elementor-widget-container\">\n\t\t\t\t\t\t\t\t\t\t\t\t\t\t\t<img width=\"640\" height=\"480\" src=\"https:\/\/mayanfamilies.org\/wp-content\/uploads\/2022\/12\/Plan2a-8.jpg\" class=\"attachment-large size-large wp-image-4282\" alt=\"Nat\u00fcn-informe-2020\" loading=\"lazy\" srcset=\"https:\/\/mayanfamilies.org\/wp-content\/uploads\/2022\/12\/Plan2a-8.jpg 800w, https:\/\/mayanfamilies.org\/wp-content\/uploads\/2022\/12\/Plan2a-8-300x225.jpg 300w, https:\/\/mayanfamilies.org\/wp-content\/uploads\/2022\/12\/Plan2a-8-768x576.jpg 768w, https:\/\/mayanfamilies.org\/wp-content\/uploads\/2022\/12\/Plan2a-8-16x12.jpg 16w, https:\/\/mayanfamilies.org\/wp-content\/uploads\/2022\/12\/Plan2a-8-87x65.jpg 87w, https:\/\/mayanfamilies.org\/wp-content\/uploads\/2022\/12\/Plan2a-8-319x239.jpg 319w\" sizes=\"(max-width: 640px) 100vw, 640px\" \/>\t\t\t\t\t\t\t\t\t\t\t\t\t\t\t<\/div>\n\t\t\t\t<\/div>\n\t\t\t\t<div class=\"elementor-element elementor-element-723e4ff elementor-widget elementor-widget-heading\" data-id=\"723e4ff\" data-element_type=\"widget\" data-widget_type=\"heading.default\">\n\t\t\t\t<div class=\"elementor-widget-container\">\n\t\t\t<h2 class=\"elementor-heading-title elementor-size-default\">Reporte 2020<\/h2>\t\t<\/div>\n\t\t\t\t<\/div>\n\t\t\t\t<div class=\"elementor-element elementor-element-72c1961 elementor-widget elementor-widget-heading\" data-id=\"72c1961\" data-element_type=\"widget\" data-widget_type=\"heading.default\">\n\t\t\t\t<div class=\"elementor-widget-container\">\n\t\t\t<h2 class=\"elementor-heading-title elementor-size-default\">Nos complace presentar un resumen y los aspectos m\u00e1s destacados de nuestro trabajo a lo largo de 2020...<\/h2>\t\t<\/div>\n\t\t\t\t<\/div>\n\t\t\t\t<div class=\"elementor-element elementor-element-7c24f04 elementor-align-left elementor-widget elementor-widget-button\" data-id=\"7c24f04\" data-element_type=\"widget\" data-widget_type=\"button.default\">\n\t\t\t\t<div class=\"elementor-widget-container\">\n\t\t\t\t\t<div class=\"elementor-button-wrapper\">\n\t\t\t<a href=\"https:\/\/issuu.com\/mayanfamilies\/docs\/reporte_de_impacto_2020\" class=\"elementor-button-link elementor-button elementor-size-sm\" role=\"button\">\n\t\t\t\t\t\t<span class=\"elementor-button-content-wrapper\">\n\t\t\t\t\t\t<span class=\"elementor-button-text\">Leer m\u00e1s<\/span>\n\t\t<\/span>\n\t\t\t\t\t<\/a>\n\t\t<\/div>\n\t\t\t\t<\/div>\n\t\t\t\t<\/div>\n\t\t\t\t\t<\/div>\n\t\t<\/div>\n\t\t\t\t\t\t\t<\/div>\n\t\t<\/section>\n\t\t\t\t\t<\/div>\n\t\t<\/div>\n\t\t\t\t\t\t\t<\/div>\n\t\t<\/section>\n\t\t\t\t\t\t\t<\/div>","protected":false},"excerpt":{"rendered":"<p>Plan Estrat\u00e9gico 2020-2025 Durante este a\u00f1o, emprendimos un proceso intenso de planificaci\u00f3n estrat\u00e9gica y nos enorgullece presentar los pasos que daremos para alcanzar nuestros objetivos como organizaci\u00f3n. Agradecemos profundamente la colaboraci\u00f3n que recibimos de parte de toda la comunidad Nat\u00fcn, que nos impulsa a evolucionar y profundizar nuestro trabajo en &hellip;<\/p>","protected":false},"author":14,"featured_media":0,"parent":0,"menu_order":0,"comment_status":"closed","ping_status":"closed","template":"elementor_header_footer","meta":[],"_links":{"self":[{"href":"https:\/\/mayanfamilies.org\/es\/wp-json\/wp\/v2\/pages\/4264"}],"collection":[{"href":"https:\/\/mayanfamilies.org\/es\/wp-json\/wp\/v2\/pages"}],"about":[{"href":"https:\/\/mayanfamilies.org\/es\/wp-json\/wp\/v2\/types\/page"}],"author":[{"embeddable":true,"href":"https:\/\/mayanfamilies.org\/es\/wp-json\/wp\/v2\/users\/14"}],"replies":[{"embeddable":true,"href":"https:\/\/mayanfamilies.org\/es\/wp-json\/wp\/v2\/comments?post=4264"}],"version-history":[{"count":75,"href":"https:\/\/mayanfamilies.org\/es\/wp-json\/wp\/v2\/pages\/4264\/revisions"}],"predecessor-version":[{"id":5451,"href":"https:\/\/mayanfamilies.org\/es\/wp-json\/wp\/v2\/pages\/4264\/revisions\/5451"}],"wp:attachment":[{"href":"https:\/\/mayanfamilies.org\/es\/wp-json\/wp\/v2\/media?parent=4264"}],"curies":[{"name":"wp","href":"https:\/\/api.w.org\/{rel}","templated":true}]}}