{"id":4042,"date":"2022-12-27T19:46:44","date_gmt":"2022-12-28T01:46:44","guid":{"rendered":"https:\/\/mayanfamilies.org\/?page_id=4042"},"modified":"2023-03-28T03:21:07","modified_gmt":"2023-03-28T09:21:07","slug":"natun-ubicacion","status":"publish","type":"page","link":"https:\/\/mayanfamilies.org\/es\/natun-ubicacion\/","title":{"rendered":"Nat\u00fcn &#8211; Lago de Atiitl\u00e1n"},"content":{"rendered":"<div data-elementor-type=\"wp-page\" data-elementor-id=\"4042\" class=\"elementor elementor-4042\">\n\t\t\t\t\t\t\t\t\t<section class=\"elementor-section elementor-top-section elementor-element elementor-element-04667dc elementor-section-boxed elementor-section-height-default elementor-section-height-default\" data-id=\"04667dc\" data-element_type=\"section\" data-settings=\"{&quot;background_background&quot;:&quot;classic&quot;}\">\n\t\t\t\t\t\t<div class=\"elementor-container elementor-column-gap-default\">\n\t\t\t\t\t<div class=\"elementor-column elementor-col-100 elementor-top-column elementor-element elementor-element-ffec8fa\" data-id=\"ffec8fa\" data-element_type=\"column\">\n\t\t\t<div class=\"elementor-widget-wrap elementor-element-populated\">\n\t\t\t\t\t\t\t\t<div class=\"elementor-element elementor-element-1a9bd47 elementor-widget elementor-widget-heading\" data-id=\"1a9bd47\" data-element_type=\"widget\" data-widget_type=\"heading.default\">\n\t\t\t\t<div class=\"elementor-widget-container\">\n\t\t\t<style>\/*! elementor - v3.13.3 - 28-05-2023 *\/\n.elementor-heading-title{padding:0;margin:0;line-height:1}.elementor-widget-heading .elementor-heading-title[class*=elementor-size-]>a{color:inherit;font-size:inherit;line-height:inherit}.elementor-widget-heading .elementor-heading-title.elementor-size-small{font-size:15px}.elementor-widget-heading .elementor-heading-title.elementor-size-medium{font-size:19px}.elementor-widget-heading .elementor-heading-title.elementor-size-large{font-size:29px}.elementor-widget-heading .elementor-heading-title.elementor-size-xl{font-size:39px}.elementor-widget-heading .elementor-heading-title.elementor-size-xxl{font-size:59px}<\/style><h2 class=\"elementor-heading-title elementor-size-default\">Lago de Atitl\u00e1n<\/h2>\t\t<\/div>\n\t\t\t\t<\/div>\n\t\t\t\t\t<\/div>\n\t\t<\/div>\n\t\t\t\t\t\t\t<\/div>\n\t\t<\/section>\n\t\t\t\t<section class=\"elementor-section elementor-top-section elementor-element elementor-element-5d49b51 elementor-section-boxed elementor-section-height-default elementor-section-height-default\" data-id=\"5d49b51\" data-element_type=\"section\">\n\t\t\t\t\t\t<div class=\"elementor-container elementor-column-gap-default\">\n\t\t\t\t\t<div class=\"elementor-column elementor-col-50 elementor-top-column elementor-element elementor-element-25b8c96\" data-id=\"25b8c96\" data-element_type=\"column\">\n\t\t\t<div class=\"elementor-widget-wrap elementor-element-populated\">\n\t\t\t\t\t\t\t\t<div class=\"elementor-element elementor-element-9c77f5d elementor-widget elementor-widget-image\" data-id=\"9c77f5d\" data-element_type=\"widget\" data-widget_type=\"image.default\">\n\t\t\t\t<div class=\"elementor-widget-container\">\n\t\t\t<style>\/*! elementor - v3.13.3 - 28-05-2023 *\/\n.elementor-widget-image{text-align:center}.elementor-widget-image a{display:inline-block}.elementor-widget-image a img[src$=\".svg\"]{width:48px}.elementor-widget-image img{vertical-align:middle;display:inline-block}<\/style>\t\t\t\t\t\t\t\t\t\t\t\t<img src=\"https:\/\/mayanfamilies.org\/wp-content\/uploads\/2022\/12\/Atitlan-sp.jpg\" title=\"Atitlan-sp-Nat\u00fcn\" alt=\"Atitlan-sp-Nat\u00fcn\" loading=\"lazy\" \/>\t\t\t\t\t\t\t\t\t\t\t\t\t\t\t<\/div>\n\t\t\t\t<\/div>\n\t\t\t\t\t<\/div>\n\t\t<\/div>\n\t\t\t\t<div class=\"elementor-column elementor-col-50 elementor-top-column elementor-element elementor-element-886099f\" data-id=\"886099f\" data-element_type=\"column\">\n\t\t\t<div class=\"elementor-widget-wrap elementor-element-populated\">\n\t\t\t\t\t\t\t\t<div class=\"elementor-element elementor-element-d437718 elementor-widget elementor-widget-heading\" data-id=\"d437718\" data-element_type=\"widget\" data-widget_type=\"heading.default\">\n\t\t\t\t<div class=\"elementor-widget-container\">\n\t\t\t<h2 class=\"elementor-heading-title elementor-size-default\">Trabajamos en la regi\u00f3n del Lago de Atitl\u00e1n, Guatemala, con comunidades mayas que hist\u00f3ricamente han enfrentado desigualdad y graves carencias, como resultado de la opresi\u00f3n y el racismo sistem\u00e1tico que vive el pa\u00eds. <br><br>\nConscientes de que todas las personas merecemos oportunidades de superaci\u00f3n, estamos convencidos de que es la comunidad maya quien puede y debe impulsar soluciones comunitarias y liderar nuestros esfuerzos.\n<\/h2>\t\t<\/div>\n\t\t\t\t<\/div>\n\t\t\t\t\t<\/div>\n\t\t<\/div>\n\t\t\t\t\t\t\t<\/div>\n\t\t<\/section>\n\t\t\t\t<section class=\"elementor-section elementor-top-section elementor-element elementor-element-9d743ff elementor-section-boxed elementor-section-height-default elementor-section-height-default\" data-id=\"9d743ff\" data-element_type=\"section\">\n\t\t\t\t\t\t<div class=\"elementor-container elementor-column-gap-default\">\n\t\t\t\t\t<div class=\"elementor-column elementor-col-100 elementor-top-column elementor-element elementor-element-e3250a9\" data-id=\"e3250a9\" data-element_type=\"column\">\n\t\t\t<div class=\"elementor-widget-wrap elementor-element-populated\">\n\t\t\t\t\t\t\t\t<div class=\"elementor-element elementor-element-72fe375 elementor-widget elementor-widget-image\" data-id=\"72fe375\" data-element_type=\"widget\" data-widget_type=\"image.default\">\n\t\t\t\t<div class=\"elementor-widget-container\">\n\t\t\t\t\t\t\t\t\t\t\t\t\t\t\t<img src=\"https:\/\/mayanfamilies.org\/wp-content\/uploads\/2022\/12\/Atitlan-general.jpg\" title=\"Nat\u00fcn Atitl\u00e1n\" alt=\"Nat\u00fcn Atitl\u00e1n\" loading=\"lazy\" \/>\t\t\t\t\t\t\t\t\t\t\t\t\t\t\t<\/div>\n\t\t\t\t<\/div>\n\t\t\t\t\t<\/div>\n\t\t<\/div>\n\t\t\t\t\t\t\t<\/div>\n\t\t<\/section>\n\t\t\t\t\t\t\t<\/div>","protected":false},"excerpt":{"rendered":"<p>Lago de Atitl\u00e1n Trabajamos en la regi\u00f3n del Lago de Atitl\u00e1n, Guatemala, con comunidades mayas que hist\u00f3ricamente han enfrentado desigualdad y graves carencias, como resultado de la opresi\u00f3n y el racismo sistem\u00e1tico que vive el pa\u00eds. Conscientes de que todas las personas merecemos oportunidades de superaci\u00f3n, estamos convencidos de que &hellip;<\/p>","protected":false},"author":14,"featured_media":0,"parent":0,"menu_order":0,"comment_status":"closed","ping_status":"closed","template":"elementor_header_footer","meta":[],"_links":{"self":[{"href":"https:\/\/mayanfamilies.org\/es\/wp-json\/wp\/v2\/pages\/4042"}],"collection":[{"href":"https:\/\/mayanfamilies.org\/es\/wp-json\/wp\/v2\/pages"}],"about":[{"href":"https:\/\/mayanfamilies.org\/es\/wp-json\/wp\/v2\/types\/page"}],"author":[{"embeddable":true,"href":"https:\/\/mayanfamilies.org\/es\/wp-json\/wp\/v2\/users\/14"}],"replies":[{"embeddable":true,"href":"https:\/\/mayanfamilies.org\/es\/wp-json\/wp\/v2\/comments?post=4042"}],"version-history":[{"count":94,"href":"https:\/\/mayanfamilies.org\/es\/wp-json\/wp\/v2\/pages\/4042\/revisions"}],"predecessor-version":[{"id":5445,"href":"https:\/\/mayanfamilies.org\/es\/wp-json\/wp\/v2\/pages\/4042\/revisions\/5445"}],"wp:attachment":[{"href":"https:\/\/mayanfamilies.org\/es\/wp-json\/wp\/v2\/media?parent=4042"}],"curies":[{"name":"wp","href":"https:\/\/api.w.org\/{rel}","templated":true}]}}