{"id":30,"date":"2020-04-29T01:41:29","date_gmt":"2020-04-28T23:41:29","guid":{"rendered":"https:\/\/bitscreativos.com\/mf\/?page_id=30"},"modified":"2022-05-11T15:30:14","modified_gmt":"2022-05-11T21:30:14","slug":"our-partners","status":"publish","type":"page","link":"https:\/\/mayanfamilies.org\/es\/our-partners\/","title":{"rendered":"Nuestros Socios"},"content":{"rendered":"<p><span style=\"font-weight: 400;\">Mayan Families tiene el honor de asociarse con una variedad de organizaciones, incluidos clubes rotarios, universidades, iglesias y otras organizaciones sin fines de lucro para lograr un cambio positivo en Guatemala.<\/span> <span style=\"font-weight: 400;\">Cada colaboraci\u00f3n distinta aporta el apoyo necesario, el aprendizaje y un sentido m\u00e1s amplio de comunidad a nuestro trabajo. Si su organizaci\u00f3n est\u00e1 interesada en apoyar nuestro trabajo, comun\u00edquese con nosotros a: <\/span><a href=\"mailto:partnerships@mayanfamilies.org\">partnerships@mayanfamilies.org<\/a>.<\/p>\n<p><span style=\"font-weight: 400;\">Estamos agradecidos por nuestras asociaciones con:<\/span><\/p>\n<div>\n<ul>\n<li>Upper Arlington Rotary Club<\/li>\n<li>Optimist (Formerly Living On One)<\/li>\n<li>The Ohio State University<\/li>\n<li>Vista Hermosa Satelite Rotary Club of Guatemala<\/li>\n<li>Aldea Maya<\/li>\n<li>TriVillage Rotary Club<\/li>\n<li>Paso por Paso<\/li>\n<li>Kansas State University<\/li>\n<li>Rotary E-Club of Lake Atitlan<\/li>\n<li>Santa Barbara Rotary Club<\/li>\n<li>Glen Ellen Rotary Club<\/li>\n<li>El Directorio Guatemala<\/li>\n<\/ul>\n<\/div>\n<p>&nbsp;<\/p>\n<p align=\"justify\"><span style=\"font-weight: 400;\">Mayan Families est\u00e1 agradecida de recibir donaciones a trav\u00e9s del trabajo de Optimist para la implementaci\u00f3n de proyectos de desarrollo comunitario en el Caser\u00edo de Pe\u00f1a Blanca Solol\u00e1,<\/span> <span style=\"font-weight: 400;\">el tema de su serie documental Living On One, <\/span><b>Living On One,<\/b><span style=\"font-weight: 400;\"> y otras comunidades similares. <\/span><span style=\"font-weight: 400;\">Mire y comparta:<\/span><\/p>\n<div class='content-column full_width'><div style=\"padding:70px 70px 70px 70px;\"><iframe loading=\"lazy\" src=\"https:\/\/www.youtube.com\/embed\/hdNWBr5staM\" width=\"560\" height=\"315\" frameborder=\"0\" allowfullscreen=\"allowfullscreen\"><\/iframe><br \/><\/div><\/div>","protected":false},"excerpt":{"rendered":"<p>Mayan Families is honored to partner with a variety of organizations, including Rotary clubs, universities, churches, and other nonprofits to make positive change in Guatemala. Each distinct collaboration brings needed support, learning and a broader sense of community to our work. If your organization is interested in supporting our work, &hellip;<\/p>","protected":false},"author":3,"featured_media":0,"parent":0,"menu_order":0,"comment_status":"closed","ping_status":"closed","template":"","meta":[],"_links":{"self":[{"href":"https:\/\/mayanfamilies.org\/es\/wp-json\/wp\/v2\/pages\/30"}],"collection":[{"href":"https:\/\/mayanfamilies.org\/es\/wp-json\/wp\/v2\/pages"}],"about":[{"href":"https:\/\/mayanfamilies.org\/es\/wp-json\/wp\/v2\/types\/page"}],"author":[{"embeddable":true,"href":"https:\/\/mayanfamilies.org\/es\/wp-json\/wp\/v2\/users\/3"}],"replies":[{"embeddable":true,"href":"https:\/\/mayanfamilies.org\/es\/wp-json\/wp\/v2\/comments?post=30"}],"version-history":[{"count":29,"href":"https:\/\/mayanfamilies.org\/es\/wp-json\/wp\/v2\/pages\/30\/revisions"}],"predecessor-version":[{"id":3307,"href":"https:\/\/mayanfamilies.org\/es\/wp-json\/wp\/v2\/pages\/30\/revisions\/3307"}],"wp:attachment":[{"href":"https:\/\/mayanfamilies.org\/es\/wp-json\/wp\/v2\/media?parent=30"}],"curies":[{"name":"wp","href":"https:\/\/api.w.org\/{rel}","templated":true}]}}