{"id":28,"date":"2020-04-29T01:37:40","date_gmt":"2020-04-28T23:37:40","guid":{"rendered":"https:\/\/bitscreativos.com\/mf\/?page_id=28"},"modified":"2023-05-25T14:56:25","modified_gmt":"2023-05-25T20:56:25","slug":"our-staff","status":"publish","type":"page","link":"https:\/\/mayanfamilies.org\/es\/our-staff\/","title":{"rendered":"Nuestro equipo"},"content":{"rendered":"<p style=\"text-align: center;\" align=\"justify\"><img loading=\"lazy\" class=\"alignnone wp-image-3089\" src=\"https:\/\/mayanfamilies.org\/wp-content\/uploads\/2021\/12\/Grupal1.1-scaled-e1639683525472-300x130.jpg\" alt=\"\" width=\"902\" height=\"391\" srcset=\"https:\/\/mayanfamilies.org\/wp-content\/uploads\/2021\/12\/Grupal1.1-scaled-e1639683525472-300x130.jpg 300w, https:\/\/mayanfamilies.org\/wp-content\/uploads\/2021\/12\/Grupal1.1-scaled-e1639683525472-1024x443.jpg 1024w, https:\/\/mayanfamilies.org\/wp-content\/uploads\/2021\/12\/Grupal1.1-scaled-e1639683525472-768x332.jpg 768w, https:\/\/mayanfamilies.org\/wp-content\/uploads\/2021\/12\/Grupal1.1-scaled-e1639683525472-1536x664.jpg 1536w, https:\/\/mayanfamilies.org\/wp-content\/uploads\/2021\/12\/Grupal1.1-scaled-e1639683525472-2048x886.jpg 2048w, https:\/\/mayanfamilies.org\/wp-content\/uploads\/2021\/12\/Grupal1.1-scaled-e1639683525472-18x8.jpg 18w, https:\/\/mayanfamilies.org\/wp-content\/uploads\/2021\/12\/Grupal1.1-scaled-e1639683525472-100x43.jpg 100w, https:\/\/mayanfamilies.org\/wp-content\/uploads\/2021\/12\/Grupal1.1-scaled-e1639683525472-360x156.jpg 360w, https:\/\/mayanfamilies.org\/wp-content\/uploads\/2021\/12\/Grupal1.1-scaled-e1639683525472-600x259.jpg 600w\" sizes=\"(max-width: 902px) 100vw, 902px\" \/><\/p>\n<p align=\"justify\">La mayor\u00eda de nuestro personal y nuestro equipo de liderazgo son ind\u00edgenas mayas de la regi\u00f3n, cuya pasi\u00f3n y experiencia en el desarrollo comunitario son incomparables. Estamos orgullosos de tener un personal multidisciplinario, multiling\u00fce y multicultural y que centra la experiencia de nuestro liderazgo maya y expertos comunitarios.<\/p>\n<h2 align=\"justify\">Erin Mooney - Directora Ejecutiva<\/h2>\n<p align=\"justify\"><img loading=\"lazy\" class=\"alignleft size-full wp-image-138\" src=\"https:\/\/mayanfamilies.org\/wp-content\/uploads\/2020\/05\/erinmooney.jpeg\" alt=\"\" width=\"318\" height=\"236\" srcset=\"https:\/\/mayanfamilies.org\/wp-content\/uploads\/2020\/05\/erinmooney.jpeg 318w, https:\/\/mayanfamilies.org\/wp-content\/uploads\/2020\/05\/erinmooney-300x223.jpeg 300w, https:\/\/mayanfamilies.org\/wp-content\/uploads\/2020\/05\/erinmooney-88x65.jpeg 88w\" sizes=\"(max-width: 318px) 100vw, 318px\" \/>Erin tuvo la suerte de crecer en la comunidad latina y en torno al Movimiento por la Justicia de los Trabajadores Agr\u00edcolas en el Valle de Salinas de California, donde aprendi\u00f3 espa\u00f1ol y el poder del trabajo de desarrollo impulsado por la comunidad. Asisti\u00f3 a la Universidad Estatal de Humboldt, donde realiz\u00f3 Estudios Ind\u00edgenas Nativos Americanos, Tecnolog\u00eda de Desarrollo Internacional y Desarrollo Comunitario.<br \/>\nEn su tesis de maestr\u00eda, Erin estudi\u00f3 la historia pol\u00edtica y agr\u00edcola de Guatemala, un estudio de la intersecci\u00f3n entre la p\u00e9rdida de tierras mayas, la pobreza y la desnutrici\u00f3n en el Altiplano guatemalteco. Erin y su esposo, Jon, vivieron en el lago de Atitl\u00e1n con sus dos hijas en 2006 mientras completaba proyectos de tesis culminantes basados \u200b\u200ben su investigaci\u00f3n,\nJon constru\u00eda un sistema de tratamiento de aguas grises en San Marcos La Laguna y Erin un jard\u00edn de ense\u00f1anza org\u00e1nico para estudiantes becarios mayas en San Pedro La Laguna, en colaboraci\u00f3n con qui\u00e9n era presidente de la Cooperativa Agraria. Sus hijos asistieron a una escuela p\u00fablica en San Pedro y disfrutaron del amor de la familia Gonz\u00e1lez Navichoc, que les ense\u00f1\u00f3 espa\u00f1ol y tz'utujil y, en general, asumieron que eran sus padres.<br \/>\nAntes de regresar a Guatemala con su familia en enero de 2019 para liderar Mayan Families, Erin fue Directora Ejecutiva de Cultivando (Colorado, EE. UU.) durante 6 a\u00f1os. Trabaj\u00f3 con un personal completamente latino para desarrollar el liderazgo y la capacidad de los inmigrantes latinos de primera generaci\u00f3n para lograr cambios positivos en sus nuevas comunidades. A Erin le apasiona trabajar en solidaridad con las comunidades para elevar y centrar su experiencia y soluciones autoidentificadas, y tiene muchos a\u00f1os de experiencia trabajando en temas de equidad, sistemas alimentarios, desarrollo de liderazgo, capacitaci\u00f3n y apoyo a Promotoras de Salud, atenci\u00f3n m\u00e9dica preventiva, educaci\u00f3n de la primera infancia y cambio de sistemas.<\/p>\n<p>&nbsp;<\/p>\n<h2>Equipo de Liderazgo<\/h2>\n<table>\n<tbody>\n<tr>\n<td>\n<h3 style=\"text-align: center;\">Executive Assistant<\/h3>\n<h3 style=\"text-align: center;\"><img loading=\"lazy\" class=\"alignnone wp-image-415 size-full\" src=\"https:\/\/mayanfamilies.org\/wp-content\/uploads\/2020\/05\/2jacqueliney.png\" alt=\"\" width=\"274\" height=\"286\" srcset=\"https:\/\/mayanfamilies.org\/wp-content\/uploads\/2020\/05\/2jacqueliney.png 274w, https:\/\/mayanfamilies.org\/wp-content\/uploads\/2020\/05\/2jacqueliney-62x65.png 62w, https:\/\/mayanfamilies.org\/wp-content\/uploads\/2020\/05\/2jacqueliney-229x239.png 229w\" sizes=\"(max-width: 274px) 100vw, 274px\" \/><\/h3>\n<\/td>\n<td>\n<p style=\"text-align: center;\">\n<\/td>\n<td>\n<h3 style=\"text-align: center;\">Desarrollo Econ\u00f3mico<\/h3>\n<p><img loading=\"lazy\" class=\"wp-image-2866 size-full aligncenter\" src=\"https:\/\/mayanfamilies.org\/wp-content\/uploads\/2021\/10\/2.jpg\" alt=\"\" width=\"274\" height=\"286\" srcset=\"https:\/\/mayanfamilies.org\/wp-content\/uploads\/2021\/10\/2.jpg 274w, https:\/\/mayanfamilies.org\/wp-content\/uploads\/2021\/10\/2-11x12.jpg 11w, https:\/\/mayanfamilies.org\/wp-content\/uploads\/2021\/10\/2-62x65.jpg 62w, https:\/\/mayanfamilies.org\/wp-content\/uploads\/2021\/10\/2-229x239.jpg 229w\" sizes=\"(max-width: 274px) 100vw, 274px\" \/><\/p>\n<h3 style=\"text-align: center;\"><span style=\"color: #ffffff;\">ance<\/span><\/h3>\n<h3 style=\"text-align: center;\"><\/h3>\n<p>&nbsp;<\/td>\n<\/tr>\n<tr>\n<td><\/td>\n<td>\n<h3 style=\"text-align: center;\"><\/h3>\n<p>&nbsp;<\/p>\n<p style=\"text-align: center;\">\n<\/td>\n<td style=\"text-align: center;\">\n<h3 style=\"text-align: center;\"><\/h3>\n<h3><\/h3>\n<p>&nbsp;<\/td>\n<\/tr>\n<tr>\n<td style=\"text-align: center;\">\n<h2 style=\"text-align: left;\">Personal<\/h2>\n<h3 style=\"text-align: left;\">Operaciones<\/h3>\n<h3 style=\"text-align: center;\"><img loading=\"lazy\" class=\"alignnone wp-image-424 size-full\" src=\"https:\/\/mayanfamilies.org\/wp-content\/uploads\/2020\/05\/2claraluz.png\" alt=\"\" width=\"274\" height=\"286\" srcset=\"https:\/\/mayanfamilies.org\/wp-content\/uploads\/2020\/05\/2claraluz.png 274w, https:\/\/mayanfamilies.org\/wp-content\/uploads\/2020\/05\/2claraluz-62x65.png 62w, https:\/\/mayanfamilies.org\/wp-content\/uploads\/2020\/05\/2claraluz-229x239.png 229w\" sizes=\"(max-width: 274px) 100vw, 274px\" \/><\/h3>\n<\/td>\n<td>\n<h2><span style=\"color: #ffffff;\">S<\/span><\/h2>\n<h3 style=\"text-align: center;\"><span style=\"color: #ffffff;\">.<\/span><\/h3>\n<h3 style=\"text-align: center;\"><\/h3>\n<\/td>\n<td><\/td>\n<\/tr>\n<\/tbody>\n<\/table>\n<p>&nbsp;<\/p>\n<h2><\/h2>\n<h3><\/h3>\n<p style=\"text-align: left;\"><div class='content-column full_width'><div style=\"padding:0px 10px 0px 10px;\"><h3>Desarrollo Econ\u00f3mico<\/h3>\n<p style=\"text-align: left;\"><\/div><\/div>\n<p>\u00a0<img loading=\"lazy\" class=\"alignnone wp-image-406 size-full\" src=\"https:\/\/mayanfamilies.org\/wp-content\/uploads\/2020\/05\/2pablodi.png\" alt=\"\" width=\"274\" height=\"286\" srcset=\"https:\/\/mayanfamilies.org\/wp-content\/uploads\/2020\/05\/2pablodi.png 274w, https:\/\/mayanfamilies.org\/wp-content\/uploads\/2020\/05\/2pablodi-62x65.png 62w, https:\/\/mayanfamilies.org\/wp-content\/uploads\/2020\/05\/2pablodi-229x239.png 229w\" sizes=\"(max-width: 274px) 100vw, 274px\" \/><\/p>\n<p>&nbsp;<\/p>\n<div class='content-column full_width'><div style=\"padding:0px 10px 0px 10px;\"><h3>Salud y Nutrici\u00f3n<\/h3>\n<p>&nbsp;<\/p><\/div><\/div>\n<div class='content-column full_width'><div style=\"padding:0px 10px 0px 10px;\"><h3>Educaci\u00f3n<\/h3>\n<p>&nbsp;<\/p>\n<p>&nbsp;<\/p><\/div><\/div>\n<h3 style=\"text-align: left;\"><span class=\"tlid-translation translation\" lang=\"en\"><span class=\"\" title=\"\">Relaciones Comunitarias<\/span><\/span><\/h3>\n<table>\n<tbody>\n<tr>\n<td width=\"274\"><\/td>\n<td width=\"274\"><\/td>\n<td width=\"274\"><\/td>\n<\/tr>\n<\/tbody>\n<\/table>\n<h3><strong>Comunicaciones y Marketing<\/strong><\/h3>\n<table>\n<tbody>\n<tr>\n<td width=\"274\"><\/td>\n<td width=\"274\"><\/td>\n<td width=\"274\"><\/td>\n<\/tr>\n<\/tbody>\n<\/table>\n<h3 style=\"text-align: left;\">Desarrollo<\/h3>\n<table>\n<tbody>\n<tr>\n<td width=\"274\"><\/td>\n<td width=\"274\"><\/td>\n<td width=\"274\"><\/td>\n<\/tr>\n<\/tbody>\n<\/table>\n<p>&nbsp;<\/p>\n<h3>Servicios Generales<\/h3>\n<p>&nbsp;<\/p>\n<table>\n<tbody>\n<tr>\n<td width=\"274\"><\/td>\n<td width=\"274\"><\/td>\n<td width=\"274\"><\/td>\n<\/tr>\n<tr>\n<td width=\"274\"><\/td>\n<td width=\"274\"><\/td>\n<td width=\"274\"><\/td>\n<\/tr>\n<\/tbody>\n<\/table>","protected":false},"excerpt":{"rendered":"<p>The majority of our staff and our Leadership team are indigenous Maya from the region, whose passion for and expertise in community development are unparalleled. We are proud to have a staff that is multidisciplinary, multilingual, and multicultural and who center the expertise of our Mayan leadership and community experts. &hellip;<\/p>","protected":false},"author":3,"featured_media":0,"parent":0,"menu_order":0,"comment_status":"closed","ping_status":"closed","template":"","meta":[],"_links":{"self":[{"href":"https:\/\/mayanfamilies.org\/es\/wp-json\/wp\/v2\/pages\/28"}],"collection":[{"href":"https:\/\/mayanfamilies.org\/es\/wp-json\/wp\/v2\/pages"}],"about":[{"href":"https:\/\/mayanfamilies.org\/es\/wp-json\/wp\/v2\/types\/page"}],"author":[{"embeddable":true,"href":"https:\/\/mayanfamilies.org\/es\/wp-json\/wp\/v2\/users\/3"}],"replies":[{"embeddable":true,"href":"https:\/\/mayanfamilies.org\/es\/wp-json\/wp\/v2\/comments?post=28"}],"version-history":[{"count":126,"href":"https:\/\/mayanfamilies.org\/es\/wp-json\/wp\/v2\/pages\/28\/revisions"}],"predecessor-version":[{"id":5874,"href":"https:\/\/mayanfamilies.org\/es\/wp-json\/wp\/v2\/pages\/28\/revisions\/5874"}],"wp:attachment":[{"href":"https:\/\/mayanfamilies.org\/es\/wp-json\/wp\/v2\/media?parent=28"}],"curies":[{"name":"wp","href":"https:\/\/api.w.org\/{rel}","templated":true}]}}