{"id":25,"date":"2020-04-29T01:34:02","date_gmt":"2020-04-28T23:34:02","guid":{"rendered":"https:\/\/bitscreativos.com\/mf\/?page_id=25"},"modified":"2020-07-09T16:33:39","modified_gmt":"2020-07-09T22:33:39","slug":"whe-we-work","status":"publish","type":"page","link":"https:\/\/mayanfamilies.org\/es\/whe-we-work\/","title":{"rendered":"Lugar donde Trabajamos"},"content":{"rendered":"<p align=\"justify\"><img loading=\"lazy\" class=\"wp-image-134 alignright\" src=\"https:\/\/mayanfamilies.org\/wp-content\/uploads\/2020\/05\/WHERE-WE-WORK.jpg\" alt=\"\" width=\"466\" height=\"311\" srcset=\"https:\/\/mayanfamilies.org\/wp-content\/uploads\/2020\/05\/WHERE-WE-WORK.jpg 592w, https:\/\/mayanfamilies.org\/wp-content\/uploads\/2020\/05\/WHERE-WE-WORK-300x200.jpg 300w, https:\/\/mayanfamilies.org\/wp-content\/uploads\/2020\/05\/WHERE-WE-WORK-97x65.jpg 97w, https:\/\/mayanfamilies.org\/wp-content\/uploads\/2020\/05\/WHERE-WE-WORK-358x239.jpg 358w, https:\/\/mayanfamilies.org\/wp-content\/uploads\/2020\/05\/WHERE-WE-WORK-272x182.jpg 272w\" sizes=\"(max-width: 466px) 100vw, 466px\" \/><\/p>\n<p align=\"justify\"><span style=\"font-weight: 400;\">Trabajamos principalmente en la regi\u00f3n del Lago de Atitl\u00e1n, Solol\u00e1, en Guatemala. Esta regi\u00f3n est\u00e1 constituida por las comunidades mayas que viven en las comunidades, que comparten una cultura fuerte y vibrante y una historia<\/span>\u00a0devastadora.<\/p>\n<p align=\"justify\"><span style=\"font-weight: 400;\">Desde la llegada de los conquistadores espa\u00f1oles en el siglo XVI hasta la actualidad, los mayas se han enfrentado a la violencia, la discriminaci\u00f3n y la opresi\u00f3n en diversas formas. <\/span><span style=\"font-weight: 400;\">Hoy en d\u00eda, los resultados de la opresi\u00f3n hist\u00f3rica y el racismo sist\u00e9mico significan que, en todo el pa\u00eds, las comunidades mayas carecen de recursos y son desproporcionadamente propensas a sufrir graves desigualdades en Educaci\u00f3n, Salud y Nutrici\u00f3n,<\/span> <span style=\"font-weight: 400;\">as\u00ed como en el Desarrollo Econ\u00f3mico.<\/span><\/p>\n<p align=\"justify\"><span style=\"font-weight: 400;\">En las comunidades rurales del lago de Atitl\u00e1n, Solol\u00e1, a las que servimos con nuestra Misi\u00f3n, trabajamos con la firme convicci\u00f3n que la comunidad maya<\/span> <span style=\"font-weight: 400;\">puede y debe impulsar soluciones comunitarias y liderar nuestro esfuerzo, al mismo tiempo reconocemos que todos merecen la oportunidad para lograr superarse en la Educaci\u00f3n<\/span>, <span style=\"font-weight: 400;\">la Salud y el Desarrollo Econ\u00f3mico, que son derechos humanos. <\/span><\/p>\n<p style=\"text-align: center;\" align=\"justify\"><a href=\"https:\/\/mayanfamilies.org\/wp-content\/uploads\/2020\/06\/mapamf.jpg\" target=\"_blank\" rel=\"noopener noreferrer\"><img loading=\"lazy\" class=\"wp-image-1464 size-large alignnone\" src=\"https:\/\/mayanfamilies.org\/wp-content\/uploads\/2020\/06\/mapamf-1024x1007.jpg\" alt=\"\" width=\"640\" height=\"629\" srcset=\"https:\/\/mayanfamilies.org\/wp-content\/uploads\/2020\/06\/mapamf-1024x1007.jpg 1024w, https:\/\/mayanfamilies.org\/wp-content\/uploads\/2020\/06\/mapamf-300x295.jpg 300w, https:\/\/mayanfamilies.org\/wp-content\/uploads\/2020\/06\/mapamf-768x755.jpg 768w, https:\/\/mayanfamilies.org\/wp-content\/uploads\/2020\/06\/mapamf-1536x1510.jpg 1536w, https:\/\/mayanfamilies.org\/wp-content\/uploads\/2020\/06\/mapamf-66x65.jpg 66w, https:\/\/mayanfamilies.org\/wp-content\/uploads\/2020\/06\/mapamf-243x239.jpg 243w, https:\/\/mayanfamilies.org\/wp-content\/uploads\/2020\/06\/mapamf.jpg 1600w\" sizes=\"(max-width: 640px) 100vw, 640px\" \/><\/a><\/p>","protected":false},"excerpt":{"rendered":"<p>We work principally in the Lake Atitl\u00e1n region in the center of Guatemala. This region is defined by the Mayan communities living here, communities that share both a strong, vibrant culture and a dark\u00a0history. Since the arrival of the Spanish conquistadors in the 1500s through present day, the Maya people &hellip;<\/p>","protected":false},"author":3,"featured_media":0,"parent":0,"menu_order":0,"comment_status":"closed","ping_status":"closed","template":"","meta":[],"_links":{"self":[{"href":"https:\/\/mayanfamilies.org\/es\/wp-json\/wp\/v2\/pages\/25"}],"collection":[{"href":"https:\/\/mayanfamilies.org\/es\/wp-json\/wp\/v2\/pages"}],"about":[{"href":"https:\/\/mayanfamilies.org\/es\/wp-json\/wp\/v2\/types\/page"}],"author":[{"embeddable":true,"href":"https:\/\/mayanfamilies.org\/es\/wp-json\/wp\/v2\/users\/3"}],"replies":[{"embeddable":true,"href":"https:\/\/mayanfamilies.org\/es\/wp-json\/wp\/v2\/comments?post=25"}],"version-history":[{"count":14,"href":"https:\/\/mayanfamilies.org\/es\/wp-json\/wp\/v2\/pages\/25\/revisions"}],"predecessor-version":[{"id":1741,"href":"https:\/\/mayanfamilies.org\/es\/wp-json\/wp\/v2\/pages\/25\/revisions\/1741"}],"wp:attachment":[{"href":"https:\/\/mayanfamilies.org\/es\/wp-json\/wp\/v2\/media?parent=25"}],"curies":[{"name":"wp","href":"https:\/\/api.w.org\/{rel}","templated":true}]}}