{"id":1449,"date":"2020-06-18T03:05:05","date_gmt":"2020-06-18T01:05:05","guid":{"rendered":"https:\/\/bitscreativos.com\/mf\/?page_id=1449"},"modified":"2021-04-05T10:19:33","modified_gmt":"2021-04-05T16:19:33","slug":"our-board","status":"publish","type":"page","link":"https:\/\/mayanfamilies.org\/es\/our-board\/","title":{"rendered":"Nuestra Junta Directiva"},"content":{"rendered":"<p align=\"justify\"><span style=\"font-weight: 400;\">Totalmente comprometidos con nuestra creencia en el desarrollo liderado por la comunidad, los miembros de la Junta participan activamente en el esfuerzo por maximizar el impacto. Como grupo, aportan muchos a\u00f1os de experiencia en Guatemala, desarrollo internacional, Juntas Directivas, recaudaci\u00f3n de fondos y administraci\u00f3n de organizaciones sin fines de lucro.<\/span><\/p>\n<p align=\"justify\"><img loading=\"lazy\" class=\"alignleft size-full wp-image-140\" src=\"https:\/\/mayanfamilies.org\/wp-content\/uploads\/2020\/05\/president.png\" alt=\"\" width=\"262\" height=\"208\" srcset=\"https:\/\/mayanfamilies.org\/wp-content\/uploads\/2020\/05\/president.png 262w, https:\/\/mayanfamilies.org\/wp-content\/uploads\/2020\/05\/president-82x65.png 82w\" sizes=\"(max-width: 262px) 100vw, 262px\" \/><\/p>\n<h2>William (Bill) B. Dutton<\/h2>\n<p align=\"justify\">Bill creci\u00f3 en el sur de California y ha vivido all\u00ed la mayor parte de su vida, a excepci\u00f3n que asisti\u00f3 a la Universidad de Barcelona (Espa\u00f1a) y ser voluntario de  VISTA en Connecticut. Despu\u00e9s de graduarse de la Universidad Estatal de California en Northridge, comenz\u00f3 su carrera profesional en la Cruz Roja Americana, Los Angeles Chapter, como Subdirector de Servicios Juveniles. M\u00e1s tarde se desempe\u00f1\u00f3, con mucho \u00e9xito, como Director  Ejecutivo en  Glendale-Crescenta Valley y  Santa Barbara County Chapters Adem\u00e1s de sus responsabilidades de gesti\u00f3n en la Cruz Roja, Bill tambi\u00e9n fue instructor nacional de supervisi\u00f3n y gesti\u00f3n durante m\u00e1s de 20 a\u00f1os en todo Estados Unidos. Se jubil\u00f3 despu\u00e9s de 35 a\u00f1os en la Cruz Roja y actualmente es voluntario de servicios para casos de desastre.<br \/>\nEl amor de Bill por servir a la comunidad a trav\u00e9s de organizaciones sin fines de lucro se ha mantenido con \u00e9l durante toda su vida. Despu\u00e9s de jubilarse, trabaj\u00f3 como director ejecutivo interino de Surgical Eye Expeditions (SEE) International. Un socio de Rotary con m\u00e1s de 40 a\u00f1os ha brindado muchas oportunidades de servicio tanto a nivel local como internacional. Bill ha estado en la Junta Directiva de su club rotario tres veces, fue presidente anterior y se desempe\u00f1\u00f3 como presidente y miembro de varios comit\u00e9s distritales. \nAlgunos de sus logros de gran orgullo ha sido recibir el premio Rotario del a\u00f1o de su club y, recientemente, el premio Service Above Self Award de Rotary International (solo 150 en todo el mundo lo reciben cada a\u00f1o).<br \/>\nBill ha estado involucrado activamente con Mayan Families durante los \u00faltimos 7 a\u00f1os viajando a Guatemala cada a\u00f1o, con los miembros de su Club Rotario e iglesia como voluntarios que vienen a apoyar, han recaudado m\u00e1s de $90,000 en donaciones. Se uni\u00f3 a la Junta Directiva de Mayan Families en 2019 actualmente es el presidente. <span style=\"font-weight: 400;\">Bill y su esposa Bonnie han estado casados \u200b\u200bdurante 49 a\u00f1os y tienen tres hijos.<\/span><\/p>\n<ul>\n<li>Guillermo Gonzalez, Vice President<\/li>\n<li>Mark Vorobik, Tesorero<\/li>\n<li>Jean Muller, Secretaria<\/li>\n<li>Elizabeth Hagee Zambrano, Miembro<\/li>\n<li>Hugo Ramirez, Member<\/li>\n<li>Roberto Melendreras, Member<\/li>\n<li>Nicole Fiorentino, Member<\/li>\n<li>Jonquil Bertschi, Miembro<\/li>\n<li>Emily Hendrick, Miembro<\/li>\n<\/ul>","protected":false},"excerpt":{"rendered":"<p>Fully committed to our belief in community-led development, Board members are actively involved in the effort to maximize impact. As a group, they bring many years of experience in Guatemala, international development, boards, fundraising, and nonprofit management. William (Bill) B. Dutton Bill grew up in Southern California and has lived &hellip;<\/p>","protected":false},"author":3,"featured_media":0,"parent":0,"menu_order":0,"comment_status":"closed","ping_status":"closed","template":"","meta":[],"_links":{"self":[{"href":"https:\/\/mayanfamilies.org\/es\/wp-json\/wp\/v2\/pages\/1449"}],"collection":[{"href":"https:\/\/mayanfamilies.org\/es\/wp-json\/wp\/v2\/pages"}],"about":[{"href":"https:\/\/mayanfamilies.org\/es\/wp-json\/wp\/v2\/types\/page"}],"author":[{"embeddable":true,"href":"https:\/\/mayanfamilies.org\/es\/wp-json\/wp\/v2\/users\/3"}],"replies":[{"embeddable":true,"href":"https:\/\/mayanfamilies.org\/es\/wp-json\/wp\/v2\/comments?post=1449"}],"version-history":[{"count":18,"href":"https:\/\/mayanfamilies.org\/es\/wp-json\/wp\/v2\/pages\/1449\/revisions"}],"predecessor-version":[{"id":2312,"href":"https:\/\/mayanfamilies.org\/es\/wp-json\/wp\/v2\/pages\/1449\/revisions\/2312"}],"wp:attachment":[{"href":"https:\/\/mayanfamilies.org\/es\/wp-json\/wp\/v2\/media?parent=1449"}],"curies":[{"name":"wp","href":"https:\/\/api.w.org\/{rel}","templated":true}]}}